{"id":160064,"date":"2025-12-13T06:43:33","date_gmt":"2025-12-13T05:43:33","guid":{"rendered":"https:\/\/monkeyprint.ch\/?page_id=160064"},"modified":"2026-02-04T09:12:28","modified_gmt":"2026-02-04T08:12:28","slug":"faq","status":"publish","type":"page","link":"https:\/\/kutaceqe.cyon.site\/index.php\/faq\/","title":{"rendered":"FAQ"},"content":{"rendered":"<div class=\"wpb-content-wrapper\"><p>[vc_row row_height_percent=&#8220;0&#8243; override_padding=&#8220;yes&#8220; h_padding=&#8220;4&#8243; top_padding=&#8220;4&#8243; bottom_padding=&#8220;4&#8243; back_color=&#8220;color-164421&#8243; overlay_alpha=&#8220;80&#8243; gutter_size=&#8220;3&#8243; column_width_percent=&#8220;100&#8243; shift_y=&#8220;0&#8243; z_index=&#8220;0&#8243; bottom_divider=&#8220;gradient&#8220; content_parallax=&#8220;0&#8243; uncode_shortcode_id=&#8220;156862&#8243; back_color_type=&#8220;uncode-palette&#8220;][vc_column column_width_percent=&#8220;100&#8243; position_vertical=&#8220;middle&#8220; align_horizontal=&#8220;align_center&#8220; gutter_size=&#8220;4&#8243; style=&#8220;dark&#8220; overlay_alpha=&#8220;50&#8243; shift_x=&#8220;0&#8243; shift_y=&#8220;0&#8243; shift_y_down=&#8220;0&#8243; z_index=&#8220;0&#8243; medium_width=&#8220;0&#8243; mobile_width=&#8220;0&#8243; width=&#8220;1\/1&#8243;][vc_custom_heading text_size=&#8220;fontsize-445851&#8243; css_animation=&#8220;curtain&#8220; animation_delay=&#8220;400&#8243; interval_animation=&#8220;200&#8243; uncode_shortcode_id=&#8220;104614&#8243;]<span class=\"heading-text-highlight \" data-atts='{\"bg\":\"style-color-xsdn-bg\",\"height\":\"15%\",\"offset\":\"0.15em\",\"opacity\":\"0.25\",\"animated\":\"yes\"}'>FAQ<\/span>[\/vc_custom_heading][\/vc_column][\/vc_row][vc_row row_height_percent=&#8220;0&#8243; override_padding=&#8220;yes&#8220; h_padding=&#8220;3&#8243; top_padding=&#8220;2&#8243; bottom_padding=&#8220;0&#8243; back_color=&#8220;color-gyho&#8220; overlay_alpha=&#8220;50&#8243; gutter_size=&#8220;3&#8243; column_width_percent=&#8220;100&#8243; shift_y=&#8220;0&#8243; z_index=&#8220;0&#8243; content_parallax=&#8220;0&#8243; uncode_shortcode_id=&#8220;701621&#8243; back_color_type=&#8220;uncode-palette&#8220;][vc_column column_width_percent=&#8220;100&#8243; align_horizontal=&#8220;align_center&#8220; gutter_size=&#8220;3&#8243; overlay_alpha=&#8220;50&#8243; shift_x=&#8220;0&#8243; shift_y=&#8220;0&#8243; shift_y_down=&#8220;0&#8243; z_index=&#8220;0&#8243; medium_width=&#8220;0&#8243; mobile_width=&#8220;0&#8243; width=&#8220;1\/1&#8243; uncode_shortcode_id=&#8220;389696&#8243;][vc_row_inner row_inner_height_percent=&#8220;0&#8243; overlay_alpha=&#8220;50&#8243; gutter_size=&#8220;4&#8243; shift_y=&#8220;0&#8243; z_index=&#8220;0&#8243; bottom_divider=&#8220;clouds&#8220; limit_content=&#8220;&#8220; uncode_shortcode_id=&#8220;188401&#8243;][vc_column_inner column_width_percent=&#8220;100&#8243; gutter_size=&#8220;3&#8243; overlay_alpha=&#8220;50&#8243; shift_x=&#8220;0&#8243; shift_y=&#8220;0&#8243; shift_y_down=&#8220;0&#8243; z_index=&#8220;0&#8243; medium_width=&#8220;6&#8243; mobile_width=&#8220;7&#8243; width=&#8220;8\/12&#8243; uncode_shortcode_id=&#8220;199831&#8243;][vc_column_text text_lead=&#8220;yes&#8220; uncode_shortcode_id=&#8220;181815&#8243;]Bei MONKEYPRINT stehen gl\u00fcckliche Kundinnen und Kunden im Mittelpunkt, denn nur wenn du begeistert bist, sind wir es auch. Weiter unten findest du Antworten auf die h\u00e4ufigsten Fragen. Falls etwas offen bleibt, erreichst du uns jederzeit unkompliziert \u00fcber unser Kontaktformular \u2013 oder ganz nostalgisch per Brieftaube\ud83d\udc26.[\/vc_column_text][\/vc_column_inner][\/vc_row_inner][\/vc_column][\/vc_row][vc_row row_height_percent=&#8220;0&#8243; override_padding=&#8220;yes&#8220; h_padding=&#8220;0&#8243; top_padding=&#8220;2&#8243; bottom_padding=&#8220;1&#8243; back_color=&#8220;color-gyho&#8220; overlay_alpha=&#8220;50&#8243; gutter_size=&#8220;3&#8243; column_width_percent=&#8220;100&#8243; shift_y=&#8220;0&#8243; z_index=&#8220;0&#8243; content_parallax=&#8220;0&#8243; uncode_shortcode_id=&#8220;841698&#8243; el_class=&#8220;test-three&#8220; back_color_type=&#8220;uncode-palette&#8220;][vc_column column_width_use_pixel=&#8220;yes&#8220; gutter_size=&#8220;1&#8243; override_padding=&#8220;yes&#8220; column_padding=&#8220;3&#8243; back_color=&#8220;color-xsdn&#8220; overlay_alpha=&#8220;50&#8243; shift_x=&#8220;0&#8243; shift_y=&#8220;0&#8243; shift_y_down=&#8220;0&#8243; z_index=&#8220;0&#8243; medium_width=&#8220;0&#8243; mobile_width=&#8220;0&#8243; width=&#8220;1\/1&#8243; uncode_shortcode_id=&#8220;203591&#8243; back_color_type=&#8220;uncode-palette&#8220;][vc_custom_heading uncode_shortcode_id=&#8220;128339&#8243;]Bestellung &amp; Versand[\/vc_custom_heading][vc_accordion typography=&#8220;advanced&#8220; sign=&#8220;plus&#8220; sign_size=&#8220;md&#8220; content_border=&#8220;yes&#8220; gutter_simple=&#8220;1&#8243; no_h_padding=&#8220;yes&#8220; titles_size=&#8220;h5&#8243; titles_weight=&#8220;600&#8243; uncode_shortcode_id=&#8220;156573&#8243; active_tab=&#8220;0&#8243;][vc_accordion_tab gutter_size=&#8220;2&#8243; column_padding=&#8220;0&#8243; title=&#8220;Lieferzeiten &#038; Versandkosten&#8220; tab_id=&#8220;1671541890-1-6216728529668951715764968962&#8243;][vc_column_text uncode_shortcode_id=&#8220;161266&#8243;]<\/p>\n<p data-start=\"106\" data-end=\"226\">Unsere Lieferzeit betr\u00e4gt in der Regel 7 bis 10 Arbeitstage, da deine Produkte individuell f\u00fcr dich produziert werden.<\/p>\n<p data-start=\"228\" data-end=\"403\">Wenn du es eilig hast, bieten wir f\u00fcr ausgew\u00e4hlte Artikel auch einen Expressversand an. In diesem Fall trifft deine Bestellung bereits nach 2 bis 3 Arbeitstagen bei dir ein.<\/p>\n<p data-start=\"405\" data-end=\"668\">Du kannst dich jederzeit \u00fcber unser Kontaktformular nach dem aktuellen Lieferstatus erkundigen. Wir geben t\u00e4glich unser Bestes, damit deine Bestellung so schnell wie m\u00f6glich bei dir ankommt. Und nicht vergessen: Vorfreude ist ja bekanntlich die sch\u00f6nste Freude.<\/p>\n<p>[\/vc_column_text][\/vc_accordion_tab][vc_accordion_tab gutter_size=&#8220;2&#8243; column_padding=&#8220;0&#8243; title=&#8220;Was bedeutet &#8222;Express&#8222;?&#8220; tab_id=&#8220;b2da8cd6-4d15-817157649689622&#8243;][vc_column_text uncode_shortcode_id=&#8220;913813&#8243;]<\/p>\n<p data-start=\"119\" data-end=\"349\">Mit Express meinen wir eine beschleunigte Produktion und Priorisierung deiner Bestellung. Dein Artikel wird bevorzugt verarbeitet, bedruckt und versendet, damit er deutlich schneller bei dir ankommt als eine regul\u00e4re Bestellung.<\/p>\n<p data-start=\"351\" data-end=\"595\">Statt 7 bis 10 Arbeitstagen dauert der Versand bei <strong data-start=\"402\" data-end=\"434\">express verf\u00fcgbaren Artikeln<\/strong> in der Regel nur 2 bis 3 Arbeitstage. Ideal, wenn du es eilig hast, kurzfristig ein Geschenk brauchst oder dein Design so schnell wie m\u00f6glich tragen m\u00f6chtest.<\/p>\n<p data-start=\"597\" data-end=\"677\">Artikel, die express verf\u00fcgbar sind, erkennst du im Shop am <strong data-start=\"657\" data-end=\"674\">Express Label<\/strong>.<\/p>\n<p data-start=\"679\" data-end=\"806\">Falls du unsicher bist, ob dein Artikel express verf\u00fcgbar ist, kannst du uns jederzeit \u00fcber das Kontaktformular kontaktieren.<\/p>\n<p>[\/vc_column_text][\/vc_accordion_tab][vc_accordion_tab gutter_size=&#8220;2&#8243; column_padding=&#8220;0&#8243; title=&#8220;Unser Mengenrabatt&#8220; tab_id=&#8220;1671541890-2-7416728529668951715764968962&#8243;][vc_column_text uncode_shortcode_id=&#8220;166898&#8243;]<\/p>\n<table class=\"table-wide\">\n<thead>\n<tr>\n<th>Anzahl Artikel<\/th>\n<th>Dein Rabatt<\/th>\n<\/tr>\n<\/thead>\n<tbody>\n<tr>\n<th>10+ Artikel<\/th>\n<td>10% Rabatt<\/td>\n<\/tr>\n<tr>\n<th>20+ Artikel<\/th>\n<td>15% Rabatt<\/td>\n<\/tr>\n<tr>\n<th>30+ Artikel<\/th>\n<td>20% Rabatt<\/td>\n<\/tr>\n<tr>\n<th>40+ Artikel<\/th>\n<td>25% Rabatt<\/td>\n<\/tr>\n<tr>\n<th>50+ Artikel<\/th>\n<td>30% Rabatt<\/td>\n<\/tr>\n<tr>\n<th>70+ Artikel<\/th>\n<td>40% Rabatt<\/td>\n<\/tr>\n<tr>\n<th>100+ Artikel<\/th>\n<td>50% Rabatt<\/td>\n<\/tr>\n<\/tbody>\n<\/table>\n<p>[\/vc_column_text][\/vc_accordion_tab][vc_accordion_tab gutter_size=&#8220;2&#8243; column_padding=&#8220;0&#8243; title=&#8220;Verf\u00fcgbare Zahlungsarten&#8220; tab_id=&#8220;1671542087726-2-116728529668951715764968962&#8243;][vc_column_text uncode_shortcode_id=&#8220;468392&#8243;]Wir akzeptieren Visa, MasterCard, TWINT, Postfinance, Paypal und Rechnung. Sie k\u00f6nnen die gew\u00fcnschte Zahlungsart bequem beim Checkout ausw\u00e4hlen.[\/vc_column_text][\/vc_accordion_tab][vc_accordion_tab gutter_size=&#8220;2&#8243; column_padding=&#8220;0&#8243; title=&#8220;Umtausch und R\u00fcckgabe&#8220; tab_id=&#8220;292da2c4-9bc3-616728529668951715764968962&#8243;][vc_column_text uncode_shortcode_id=&#8220;563481&#8243;]Individuell gestaltete Textilien werden speziell f\u00fcr dich produziert und k\u00f6nnen deshalb leider nicht umgetauscht oder zur\u00fcckgegeben werden. Unsere Standard-Styles ohne Personalisierung kannst du jedoch selbstverst\u00e4ndlich zur\u00fccksenden oder umtauschen. Sollte ein Produkt einen Produktionsfehler aufweisen oder besch\u00e4digt bei dir ankommen, k\u00fcmmern wir uns nat\u00fcrlich um eine L\u00f6sung f\u00fcr dich.[\/vc_column_text][\/vc_accordion_tab][vc_accordion_tab gutter_size=&#8220;2&#8243; column_padding=&#8220;0&#8243; title=&#8220;Mindestbestellmenge&#8220; tab_id=&#8220;b2da8cd6-4d15-81715764968962&#8243;][vc_column_text uncode_shortcode_id=&#8220;613367&#8243;]Bei MONKEYPRINT gibt es keine Mindestbestellmenge. Du kannst bereits ab einem einzigen St\u00fcck individuell bedruckte Kleidung gestalten und produzieren lassen. Ob Einzelst\u00fcck, Geschenk oder kleine Serie, du entscheidest ganz flexibel, was du brauchst.[\/vc_column_text][\/vc_accordion_tab][\/vc_accordion][\/vc_column][\/vc_row][vc_row row_height_percent=&#8220;0&#8243; override_padding=&#8220;yes&#8220; h_padding=&#8220;0&#8243; top_padding=&#8220;2&#8243; bottom_padding=&#8220;3&#8243; back_color=&#8220;color-gyho&#8220; overlay_alpha=&#8220;50&#8243; gutter_size=&#8220;3&#8243; column_width_percent=&#8220;100&#8243; shift_y=&#8220;0&#8243; z_index=&#8220;0&#8243; content_parallax=&#8220;0&#8243; uncode_shortcode_id=&#8220;246120&#8243; el_class=&#8220;test-three&#8220; back_color_type=&#8220;uncode-palette&#8220;][vc_column column_width_use_pixel=&#8220;yes&#8220; gutter_size=&#8220;1&#8243; override_padding=&#8220;yes&#8220; column_padding=&#8220;3&#8243; back_color=&#8220;color-xsdn&#8220; overlay_alpha=&#8220;50&#8243; shift_x=&#8220;0&#8243; shift_y=&#8220;0&#8243; shift_y_down=&#8220;0&#8243; z_index=&#8220;0&#8243; medium_width=&#8220;0&#8243; mobile_width=&#8220;0&#8243; width=&#8220;1\/1&#8243; uncode_shortcode_id=&#8220;633824&#8243; back_color_type=&#8220;uncode-palette&#8220;][vc_custom_heading uncode_shortcode_id=&#8220;167334&#8243;]Technisches[\/vc_custom_heading][vc_accordion typography=&#8220;advanced&#8220; sign=&#8220;plus&#8220; sign_size=&#8220;md&#8220; content_border=&#8220;yes&#8220; gutter_simple=&#8220;1&#8243; no_h_padding=&#8220;yes&#8220; titles_size=&#8220;h5&#8243; titles_weight=&#8220;600&#8243; uncode_shortcode_id=&#8220;205735&#8243; active_tab=&#8220;0&#8243;][vc_accordion_tab gutter_size=&#8220;2&#8243; column_padding=&#8220;0&#8243; title=&#8220;Wird die Druckgr\u00f6sse proportional der Textilgr\u00f6sse angepasst?&#8220; tab_id=&#8220;1671542087726-2-11672852966895171576496896217656056867761&#8243;][vc_column_text uncode_shortcode_id=&#8220;190283&#8243;]<\/p>\n<p data-start=\"125\" data-end=\"358\">Der Druck wird bei allen Gr\u00f6ssen an derselben festen Position platziert. Da sich die Textilfl\u00e4che je nach Gr\u00f6sse ver\u00e4ndert, wirkt das Motiv bei kleinen Gr\u00f6ssen tiefer bzw. gr\u00f6sser und bei grossen Gr\u00f6ssen h\u00f6her bzw. kleiner. Das Motiv selbst bleibt gleich, nur die Proportion zur Textilgr\u00f6sse \u00e4ndert sich.<\/p>\n<p data-start=\"360\" data-end=\"456\"><img decoding=\"async\" class=\"alignnone wp-image-171849\" src=\"https:\/\/monkeyprint.ch\/wp-content\/uploads\/2026\/02\/durck_verschiedene_groessen-300x192.webp\" alt=\"\" width=\"406\" height=\"260\" srcset=\"https:\/\/kutaceqe.cyon.site\/index.php\/wp-content\/uploads\/2026\/02\/durck_verschiedene_groessen-300x192.webp 300w, https:\/\/kutaceqe.cyon.site\/index.php\/wp-content\/uploads\/2026\/02\/durck_verschiedene_groessen-600x384.webp 600w, https:\/\/kutaceqe.cyon.site\/index.php\/wp-content\/uploads\/2026\/02\/durck_verschiedene_groessen-350x224.webp 350w, https:\/\/kutaceqe.cyon.site\/index.php\/wp-content\/uploads\/2026\/02\/durck_verschiedene_groessen.webp 742w\" sizes=\"(max-width: 406px) 100vw, 406px\" \/><\/p>\n<p>[\/vc_column_text][\/vc_accordion_tab][vc_accordion_tab gutter_size=&#8220;2&#8243; column_padding=&#8220;0&#8243; title=&#8220;Unsere Druckverfahren&#8220; tab_id=&#8220;1671542087726-2-116728529668951715764968962176560568677615&#8243;][vc_column_text uncode_shortcode_id=&#8220;914780&#8243;]<\/p>\n<p data-start=\"125\" data-end=\"358\">Bei MONKEYPRINT arbeiten wir mit modernen Veredelungstechniken wie Direct-to-Garment (DTG), DTF-Transferdruck und Siebdruck. Jedes Verfahren hat seine eigenen Vorteile, die wir je nach Design, Stoff und St\u00fcckzahl gezielt einsetzen.<\/p>\n<p data-start=\"360\" data-end=\"456\">Ausf\u00fchrliche Informationen zu den einzelnen <a href=\"\/veredelung\/\">Drucktechniken<\/a> findest du auf der folgenden Seite.<\/p>\n<p>[\/vc_column_text][\/vc_accordion_tab][vc_accordion_tab gutter_size=&#8220;2&#8243; column_padding=&#8220;0&#8243; title=&#8220;Pixelgrafiken optimieren&#8220; tab_id=&#8220;1671541890-1-62167285296689517157649689621765605686776&#8243;][vc_column_text uncode_shortcode_id=&#8220;806295&#8243;]Leverage agile frameworks to provide a robust synopsis for high level overviews. Iterative approaches to corporate strategy foster collaborative thinking to further the overall value proposition. Organically grow the holistic world view of disruptive innovation via workplace diversity and empowerment.<\/p>\n<p>Bring to the table win-win survival strategies to ensure proactive domination. At the end of the day, going forward, a new normal that has evolved from generation X is on the runway heading towards a streamlined cloud solution. User generated content in real-time will have multiple touchpoints for offshoring.[\/vc_column_text][\/vc_accordion_tab][vc_accordion_tab gutter_size=&#8220;2&#8243; column_padding=&#8220;0&#8243; title=&#8220;Vektorgrafiken optimieren&#8220; tab_id=&#8220;1671541890-2-74167285296689517157649689621765605686776&#8243;][vc_column_text uncode_shortcode_id=&#8220;289506&#8243;]Capitalize on low hanging fruit to identify a ballpark value added activity to beta test. Override the digital divide with additional clickthroughs from DevOps. Nanotechnology immersion along the information highway will close the loop on focusing solely on the bottom line.<\/p>\n<p>Podcasting operational change management inside of workflows to establish a framework. Taking seamless key performance indicators offline to maximise the long tail. Keeping your eye on the ball while performing a deep dive on the start-up mentality to derive convergence on cross-platform integration.[\/vc_column_text][\/vc_accordion_tab][vc_accordion_tab gutter_size=&#8220;2&#8243; column_padding=&#8220;0&#8243; title=&#8220;Ablehngr\u00fcnde f\u00fcr Designs&#8220; tab_id=&#8220;1671542087726-2-1167285296689517157649689621765605686776&#8243;][vc_column_text uncode_shortcode_id=&#8220;455413&#8243;]Collaboratively administrate empowered markets via plug-and-play networks. Dynamically procrastinate B2C users after installed base benefits. Spectacular visualize customer directed convergence without revolutionary ROI.<\/p>\n<p>Efficiently unleash cross-media information without cross-media value. Quickly maximize timely deliverables for real-time schemas. Spectacular maintain clicks-and-mortar solutions without functional solutions.[\/vc_column_text][\/vc_accordion_tab][\/vc_accordion][\/vc_column][\/vc_row]<\/p>\n<\/div>","protected":false},"excerpt":{"rendered":"<p>[vc_row row_height_percent=&#8220;0&#8243; override_padding=&#8220;yes&#8220; h_padding=&#8220;4&#8243; top_padding=&#8220;4&#8243; bottom_padding=&#8220;4&#8243; back_color=&#8220;color-164421&#8243; overlay_alpha=&#8220;80&#8243; gutter_size=&#8220;3&#8243; column_width_percent=&#8220;100&#8243; shift_y=&#8220;0&#8243; z_index=&#8220;0&#8243; bottom_divider=&#8220;gradient&#8220; content_parallax=&#8220;0&#8243; uncode_shortcode_id=&#8220;156862&#8243; back_color_type=&#8220;uncode-palette&#8220;][vc_column column_width_percent=&#8220;100&#8243; position_vertical=&#8220;middle&#8220; align_horizontal=&#8220;align_center&#8220; gutter_size=&#8220;4&#8243; [&hellip;]<\/p>\n","protected":false},"author":1,"featured_media":0,"parent":0,"menu_order":0,"comment_status":"closed","ping_status":"closed","template":"","meta":{"footnotes":""},"class_list":["post-160064","page","type-page","status-publish","hentry"],"_links":{"self":[{"href":"https:\/\/kutaceqe.cyon.site\/index.php\/wp-json\/wp\/v2\/pages\/160064","targetHints":{"allow":["GET"]}}],"collection":[{"href":"https:\/\/kutaceqe.cyon.site\/index.php\/wp-json\/wp\/v2\/pages"}],"about":[{"href":"https:\/\/kutaceqe.cyon.site\/index.php\/wp-json\/wp\/v2\/types\/page"}],"author":[{"embeddable":true,"href":"https:\/\/kutaceqe.cyon.site\/index.php\/wp-json\/wp\/v2\/users\/1"}],"replies":[{"embeddable":true,"href":"https:\/\/kutaceqe.cyon.site\/index.php\/wp-json\/wp\/v2\/comments?post=160064"}],"version-history":[{"count":46,"href":"https:\/\/kutaceqe.cyon.site\/index.php\/wp-json\/wp\/v2\/pages\/160064\/revisions"}],"predecessor-version":[{"id":171852,"href":"https:\/\/kutaceqe.cyon.site\/index.php\/wp-json\/wp\/v2\/pages\/160064\/revisions\/171852"}],"wp:attachment":[{"href":"https:\/\/kutaceqe.cyon.site\/index.php\/wp-json\/wp\/v2\/media?parent=160064"}],"curies":[{"name":"wp","href":"https:\/\/api.w.org\/{rel}","templated":true}]}}