{"id":160387,"date":"2025-12-23T12:57:55","date_gmt":"2025-12-23T11:57:55","guid":{"rendered":"https:\/\/monkeyprint.ch\/?page_id=160387"},"modified":"2026-04-11T15:52:31","modified_gmt":"2026-04-11T13:52:31","slug":"kontakt","status":"publish","type":"page","link":"https:\/\/kutaceqe.cyon.site\/index.php\/kontakt\/","title":{"rendered":"Kontakt"},"content":{"rendered":"<div class=\"wpb-content-wrapper\"><p>[vc_row row_height_percent=&#8220;0&#8243; override_padding=&#8220;yes&#8220; h_padding=&#8220;3&#8243; top_padding=&#8220;3&#8243; bottom_padding=&#8220;3&#8243; back_color=&#8220;color-xsdn&#8220; parallax=&#8220;yes&#8220; overlay_color=&#8220;color-gyho&#8220; overlay_alpha=&#8220;80&#8243; gutter_size=&#8220;3&#8243; column_width_percent=&#8220;100&#8243; shift_y=&#8220;0&#8243; z_index=&#8220;0&#8243; content_parallax=&#8220;0&#8243; uncode_shortcode_id=&#8220;284840&#8243; back_color_type=&#8220;uncode-palette&#8220; overlay_color_type=&#8220;uncode-palette&#8220;][vc_column column_width_percent=&#8220;100&#8243; position_vertical=&#8220;middle&#8220; align_horizontal=&#8220;align_center&#8220; gutter_size=&#8220;3&#8243; overlay_alpha=&#8220;50&#8243; shift_x=&#8220;0&#8243; shift_y=&#8220;0&#8243; shift_y_down=&#8220;0&#8243; z_index=&#8220;0&#8243; medium_width=&#8220;0&#8243; mobile_width=&#8220;0&#8243; width=&#8220;1\/1&#8243;][vc_custom_heading text_color=&#8220;accent&#8220; heading_semantic=&#8220;h6&#8243; text_size=&#8220;fontsize-160000&#8243; text_transform=&#8220;uppercase&#8220; text_space=&#8220;fontspace-135905&#8243; uncode_shortcode_id=&#8220;698840&#8243; text_color_type=&#8220;uncode-palette&#8220;]Kontakt[\/vc_custom_heading][vc_custom_heading text_size=&#8220;fontsize-445851&#8243; uncode_shortcode_id=&#8220;126712&#8243;]Du hast Fragen? Wir sind jederzeit gerne f\u00fcr dich da.[\/vc_custom_heading][\/vc_column][\/vc_row][vc_row row_height_percent=&#8220;0&#8243; override_padding=&#8220;yes&#8220; h_padding=&#8220;2&#8243; top_padding=&#8220;3&#8243; bottom_padding=&#8220;3&#8243; overlay_alpha=&#8220;100&#8243; gutter_size=&#8220;100&#8243; column_width_percent=&#8220;100&#8243; shift_y=&#8220;0&#8243; z_index=&#8220;0&#8243; content_parallax=&#8220;0&#8243; row_width=&#8220;1000&#8243; block_height=&#8220;0&#8243; back_alpha=&#8220;100&#8243; border_size=&#8220;1&#8243; style=&#8220;inherited&#8220; uncode_shortcode_id=&#8220;147858&#8243;][vc_column column_width_use_pixel=&#8220;yes&#8220; gutter_size=&#8220;3&#8243; overlay_alpha=&#8220;100&#8243; shift_x=&#8220;0&#8243; shift_y=&#8220;0&#8243; shift_y_down=&#8220;0&#8243; z_index=&#8220;0&#8243; medium_width=&#8220;0&#8243; mobile_width=&#8220;0&#8243; zoom_width=&#8220;0&#8243; zoom_height=&#8220;0&#8243; width=&#8220;1\/1&#8243; max_width=&#8220;100&#8243; align_vertical=&#8220;top&#8220; back_alpha=&#8220;100&#8243; column_width_pixel=&#8220;900&#8243;][vc_custom_heading heading_semantic=&#8220;h3&#8243; text_size=&#8220;h3&#8243; text_align=&#8220;text-left&#8220; text_uppercase=&#8220;&#8220; subheading=&#8220;Wir sind jederzeit gerne f\u00fcr dich da: Schicke uns eine Nachricht, wenn wir dir irgendwie behilflich sein k\u00f6nnen. \u00dcbrigens: Spannende Antworten findest du auch in unseren FAQ<\/p>\n<p>Dein MONKEYMERCH-Team&#8220; uncode_shortcode_id=&#8220;213798&#8243; text_color_type=&#8220;uncode-palette&#8220; text_color_solid=&#8220;#ff0000&#8243;]Kontaktformular[\/vc_custom_heading][vc_separator sep_color=&#8220;,Default&#8220;]\n<div class=\"wpcf7 no-js\" id=\"wpcf7-f103504-o1\" lang=\"en-US\" dir=\"ltr\" data-wpcf7-id=\"103504\">\n<div class=\"screen-reader-response\"><p role=\"status\" aria-live=\"polite\" aria-atomic=\"true\"><\/p> <ul><\/ul><\/div>\n<form action=\"\/index.php\/wp-json\/wp\/v2\/pages\/160387#wpcf7-f103504-o1\" method=\"post\" class=\"wpcf7-form init\" aria-label=\"Contact form\" novalidate=\"novalidate\" data-status=\"init\">\n<fieldset class=\"hidden-fields-container\"><input type=\"hidden\" name=\"_wpcf7\" value=\"103504\" \/><input type=\"hidden\" name=\"_wpcf7_version\" value=\"6.1.5\" \/><input type=\"hidden\" name=\"_wpcf7_locale\" value=\"en_US\" \/><input type=\"hidden\" name=\"_wpcf7_unit_tag\" value=\"wpcf7-f103504-o1\" \/><input type=\"hidden\" name=\"_wpcf7_container_post\" value=\"0\" \/><input type=\"hidden\" name=\"_wpcf7_posted_data_hash\" value=\"\" \/>\n<\/fieldset>\n<div class=\"wpcf7-inline-wrapper\">\n\t<p class=\"wpcf7-inline-field\"><span class=\"wpcf7-form-control-wrap\" data-name=\"your-firstname\"><input size=\"40\" maxlength=\"400\" class=\"wpcf7-form-control wpcf7-text wpcf7-validates-as-required\" aria-required=\"true\" aria-invalid=\"false\" placeholder=\"Name\" value=\"\" type=\"text\" name=\"your-firstname\" \/><\/span>\n\t<\/p>\n\t<p class=\"wpcf7-inline-field\"><span class=\"wpcf7-form-control-wrap\" data-name=\"your-email\"><input size=\"40\" maxlength=\"400\" class=\"wpcf7-form-control wpcf7-email wpcf7-validates-as-required wpcf7-text wpcf7-validates-as-email\" aria-required=\"true\" aria-invalid=\"false\" placeholder=\"Email\" value=\"\" type=\"email\" name=\"your-email\" \/><\/span>\n\t<\/p>\n<\/div>\n<p><span class=\"wpcf7-form-control-wrap\" data-name=\"your-message\"><textarea cols=\"40\" rows=\"5\" maxlength=\"2000\" class=\"wpcf7-form-control wpcf7-textarea\" aria-invalid=\"false\" placeholder=\"Nachricht\" name=\"your-message\"><\/textarea><\/span>\n<\/p>\n<p><input class=\"wpcf7-form-control wpcf7-submit has-spinner btn btn-accent\" type=\"submit\" value=\"Senden\" \/>\n<\/p><p style=\"display: none !important;\" class=\"akismet-fields-container\" data-prefix=\"_wpcf7_ak_\"><label>&#916;<textarea name=\"_wpcf7_ak_hp_textarea\" cols=\"45\" rows=\"8\" maxlength=\"100\"><\/textarea><\/label><input type=\"hidden\" id=\"ak_js_1\" name=\"_wpcf7_ak_js\" value=\"169\"\/><script>document.getElementById( \"ak_js_1\" ).setAttribute( \"value\", ( new Date() ).getTime() );<\/script><\/p><div class=\"wpcf7-response-output\" aria-hidden=\"true\"><\/div>\n<\/form>\n<\/div>\n[\/vc_column][\/vc_row][vc_row row_height_percent=&#8220;0&#8243; override_padding=&#8220;yes&#8220; h_padding=&#8220;2&#8243; top_padding=&#8220;3&#8243; bottom_padding=&#8220;3&#8243; back_color=&#8220;color-gyho&#8220; overlay_alpha=&#8220;50&#8243; gutter_size=&#8220;3&#8243; column_width_percent=&#8220;100&#8243; shift_y=&#8220;0&#8243; z_index=&#8220;0&#8243; content_parallax=&#8220;0&#8243; uncode_shortcode_id=&#8220;176695&#8243; back_color_type=&#8220;uncode-palette&#8220;][vc_column column_width_percent=&#8220;100&#8243; align_horizontal=&#8220;align_center&#8220; gutter_size=&#8220;3&#8243; overlay_alpha=&#8220;50&#8243; shift_x=&#8220;0&#8243; shift_y=&#8220;0&#8243; shift_y_down=&#8220;0&#8243; z_index=&#8220;0&#8243; medium_width=&#8220;0&#8243; mobile_width=&#8220;0&#8243; width=&#8220;1\/1&#8243;][vc_row_inner][vc_column_inner column_width_use_pixel=&#8220;yes&#8220; align_horizontal=&#8220;align_center&#8220; gutter_size=&#8220;3&#8243; overlay_alpha=&#8220;50&#8243; shift_x=&#8220;0&#8243; shift_y=&#8220;0&#8243; shift_y_down=&#8220;0&#8243; z_index=&#8220;0&#8243; medium_width=&#8220;0&#8243; mobile_width=&#8220;0&#8243; width=&#8220;1\/1&#8243; column_width_pixel=&#8220;600&#8243;][vc_custom_heading heading_semantic=&#8220;h3&#8243; sub_lead=&#8220;yes&#8220; sub_reduced=&#8220;yes&#8220; subheading=&#8220;Du hast Fragen oder Unklarheiten. Wir stehen dir jederzeit gerne per E-Mail oder \u00fcber das Kontaktformular zur Verf\u00fcgung.&#8220; uncode_shortcode_id=&#8220;194541&#8243;]Unser Kontakt[\/vc_custom_heading][\/vc_column_inner][\/vc_row_inner][vc_row_inner][vc_column_inner column_width_percent=&#8220;100&#8243; align_horizontal=&#8220;align_center&#8220; gutter_size=&#8220;3&#8243; overlay_alpha=&#8220;50&#8243; shift_x=&#8220;0&#8243; shift_y=&#8220;0&#8243; shift_y_down=&#8220;0&#8243; z_index=&#8220;0&#8243; medium_width=&#8220;0&#8243; mobile_width=&#8220;0&#8243; width=&#8220;1\/4&#8243;][\/vc_column_inner][vc_column_inner column_width_percent=&#8220;100&#8243; align_horizontal=&#8220;align_center&#8220; gutter_size=&#8220;3&#8243; overlay_alpha=&#8220;50&#8243; shift_x=&#8220;0&#8243; shift_y=&#8220;0&#8243; shift_y_down=&#8220;0&#8243; z_index=&#8220;0&#8243; medium_width=&#8220;0&#8243; mobile_width=&#8220;0&#8243; width=&#8220;1\/4&#8243;][vc_icon icon=&#8220;fa fa-envelope2&#8243; size=&#8220;fa-3x&#8220; text_size=&#8220;h6&#8243; title=&#8220;info@monkeyprint.ch&#8220; uncode_shortcode_id=&#8220;121543&#8243;][\/vc_icon][\/vc_column_inner][vc_column_inner column_width_percent=&#8220;100&#8243; align_horizontal=&#8220;align_center&#8220; gutter_size=&#8220;3&#8243; overlay_alpha=&#8220;50&#8243; shift_x=&#8220;0&#8243; shift_y=&#8220;0&#8243; shift_y_down=&#8220;0&#8243; z_index=&#8220;0&#8243; medium_width=&#8220;0&#8243; mobile_width=&#8220;0&#8243; width=&#8220;1\/4&#8243; uncode_shortcode_id=&#8220;953657&#8243;][vc_icon icon=&#8220;fa fa-map-pin&#8220; size=&#8220;fa-3x&#8220; text_size=&#8220;h6&#8243; title=&#8220;K\u00f6nizstrasse 161, 3097 Liebefeld&#8220; uncode_shortcode_id=&#8220;124476&#8243;][\/vc_icon][\/vc_column_inner][vc_column_inner width=&#8220;1\/4&#8243;][\/vc_column_inner][\/vc_row_inner][vc_empty_space empty_h=&#8220;0&#8243;][\/vc_column][\/vc_row][vc_row row_height_percent=&#8220;0&#8243; override_padding=&#8220;yes&#8220; h_padding=&#8220;2&#8243; top_padding=&#8220;3&#8243; bottom_padding=&#8220;3&#8243; overlay_alpha=&#8220;100&#8243; gutter_size=&#8220;2&#8243; column_width_percent=&#8220;100&#8243; border_color=&#8220;color-gyho&#8220; border_style=&#8220;solid&#8220; shift_y=&#8220;0&#8243; z_index=&#8220;0&#8243; content_parallax=&#8220;0&#8243; style=&#8220;inherited&#8220; css=&#8220;.vc_custom_1765467279744{border-bottom-width: 1px !important;}&#8220; uncode_shortcode_id=&#8220;857375&#8243; border_color_type=&#8220;uncode-palette&#8220;][vc_column column_width_percent=&#8220;100&#8243; gutter_size=&#8220;3&#8243; overlay_alpha=&#8220;50&#8243; shift_x=&#8220;0&#8243; shift_y=&#8220;0&#8243; shift_y_down=&#8220;0&#8243; z_index=&#8220;0&#8243; medium_width=&#8220;0&#8243; mobile_width=&#8220;0&#8243; width=&#8220;1\/1&#8243; uncode_shortcode_id=&#8220;403813&#8243;][vc_gallery el_id=&#8220;gallery-318462&#8243; medias=&#8220;159955,161231,159958,160045&#8243; gutter_size=&#8220;2&#8243; media_items=&#8220;media|nolink|original,description,title,caption&#8220; screen_lg=&#8220;1000&#8243; screen_md=&#8220;900&#8243; screen_sm=&#8220;100&#8243; single_text=&#8220;under&#8220; single_width=&#8220;3&#8243; images_size=&#8220;one-one&#8220; single_overlay_opacity=&#8220;50&#8243; single_overlay_anim=&#8220;no&#8220; single_image_anim=&#8220;no&#8220; single_h_align=&#8220;center&#8220; single_padding=&#8220;1&#8243; single_title_dimension=&#8220;h6&#8243; single_icon=&#8220;fa fa-plus2&#8243; single_border=&#8220;yes&#8220; lbox_title=&#8220;yes&#8220; lbox_caption=&#8220;yes&#8220; carousel_rtl=&#8220;&#8220; single_half_padding=&#8220;yes&#8220; single_title_serif=&#8220;&#8220; single_no_background=&#8220;yes&#8220; items=&#8220;eyIxMzc2M19pIjp7InNpbmdsZV9saW5rIjoidXJsOmh0dHAlM0ElMkYlMkZ3d3cudW5kc2duLmNvbXx8dGFyZ2V0OiUyMF9ibGFuayJ9LCIxMzc2OV9pIjp7InNpbmdsZV9saW5rIjoidXJsOmh0dHAlM0ElMkYlMkZ3d3cudW5kc2duLmNvbXx8dGFyZ2V0OiUyMF9ibGFuayJ9LCIxMzc3MF9pIjp7InNpbmdsZV9saW5rIjoidXJsOmh0dHAlM0ElMkYlMkZ3d3cudW5kc2duLmNvbXx8dGFyZ2V0OiUyMF9ibGFuayJ9LCIxMzc2Nl9pIjp7InNpbmdsZV9saW5rIjoidXJsOmh0dHAlM0ElMkYlMkZ3d3cudW5kc2duLmNvbXx8dGFyZ2V0OiUyMF9ibGFuayJ9fQ==&#8220; uncode_shortcode_id=&#8220;841710&#8243;][\/vc_column][\/vc_row][vc_row row_height_percent=&#8220;0&#8243; override_padding=&#8220;yes&#8220; h_padding=&#8220;1&#8243; top_padding=&#8220;3&#8243; bottom_padding=&#8220;3&#8243; back_color=&#8220;color-gyho&#8220; overlay_alpha=&#8220;50&#8243; gutter_size=&#8220;5&#8243; column_width_use_pixel=&#8220;yes&#8220; shift_y=&#8220;0&#8243; z_index=&#8220;0&#8243; content_parallax=&#8220;0&#8243; uncode_shortcode_id=&#8220;579411&#8243; back_color_type=&#8220;uncode-palette&#8220; column_width_pixel=&#8220;1400&#8243;][vc_column column_width_percent=&#8220;100&#8243; align_horizontal=&#8220;align_center&#8220; gutter_size=&#8220;4&#8243; overlay_alpha=&#8220;50&#8243; shift_x=&#8220;0&#8243; shift_y=&#8220;0&#8243; shift_y_down=&#8220;0&#8243; z_index=&#8220;0&#8243; medium_width=&#8220;5&#8243; mobile_width=&#8220;0&#8243; width=&#8220;1\/1&#8243; uncode_shortcode_id=&#8220;202486&#8243;][vc_custom_heading heading_semantic=&#8220;h4&#8243; text_font=&#8220;font-165032&#8243; text_size=&#8220;custom&#8220; text_weight=&#8220;200&#8243; text_space=&#8220;fontspace-781688&#8243; css_animation=&#8220;text-reveal&#8220; text_reveal_target=&#8220;chars&#8220; text_reveal_opacity=&#8220;30&#8243; text_reveal_speed=&#8220;100&#8243; text_reveal_top=&#8220;80&#8243; uncode_shortcode_id=&#8220;805521&#8243; heading_custom_size=&#8220;clamp(24px,5vw,70px)&#8220;]<\/p>\n<p data-start=\"314\" data-end=\"636\">Wir legen grossen Wert auf nachhaltige Artikel und eine verantwortungsvolle Produktion. Bereits ab einem St\u00fcck k\u00f6nnen individuelle Designs umgesetzt werden. Klare Prozesse und zuverl\u00e4ssige Qualit\u00e4t im Hintergrund sorgen daf\u00fcr, dass aus einer Idee schnell ein fertiges Produkt entsteht \u2013 genau dann, wenn es gebraucht wird.<\/p>\n<p>[\/vc_custom_heading][\/vc_column][\/vc_row]<\/p>\n<\/div>","protected":false},"excerpt":{"rendered":"<p>[vc_row row_height_percent=&#8220;0&#8243; override_padding=&#8220;yes&#8220; h_padding=&#8220;3&#8243; top_padding=&#8220;3&#8243; bottom_padding=&#8220;3&#8243; back_color=&#8220;color-xsdn&#8220; parallax=&#8220;yes&#8220; overlay_color=&#8220;color-gyho&#8220; overlay_alpha=&#8220;80&#8243; gutter_size=&#8220;3&#8243; column_width_percent=&#8220;100&#8243; shift_y=&#8220;0&#8243; z_index=&#8220;0&#8243; content_parallax=&#8220;0&#8243; uncode_shortcode_id=&#8220;284840&#8243; back_color_type=&#8220;uncode-palette&#8220; overlay_color_type=&#8220;uncode-palette&#8220;][vc_column column_width_percent=&#8220;100&#8243; position_vertical=&#8220;middle&#8220; [&hellip;]<\/p>\n","protected":false},"author":1,"featured_media":0,"parent":0,"menu_order":0,"comment_status":"closed","ping_status":"closed","template":"","meta":{"footnotes":""},"class_list":["post-160387","page","type-page","status-publish","hentry"],"_links":{"self":[{"href":"https:\/\/kutaceqe.cyon.site\/index.php\/wp-json\/wp\/v2\/pages\/160387","targetHints":{"allow":["GET"]}}],"collection":[{"href":"https:\/\/kutaceqe.cyon.site\/index.php\/wp-json\/wp\/v2\/pages"}],"about":[{"href":"https:\/\/kutaceqe.cyon.site\/index.php\/wp-json\/wp\/v2\/types\/page"}],"author":[{"embeddable":true,"href":"https:\/\/kutaceqe.cyon.site\/index.php\/wp-json\/wp\/v2\/users\/1"}],"replies":[{"embeddable":true,"href":"https:\/\/kutaceqe.cyon.site\/index.php\/wp-json\/wp\/v2\/comments?post=160387"}],"version-history":[{"count":18,"href":"https:\/\/kutaceqe.cyon.site\/index.php\/wp-json\/wp\/v2\/pages\/160387\/revisions"}],"predecessor-version":[{"id":173242,"href":"https:\/\/kutaceqe.cyon.site\/index.php\/wp-json\/wp\/v2\/pages\/160387\/revisions\/173242"}],"wp:attachment":[{"href":"https:\/\/kutaceqe.cyon.site\/index.php\/wp-json\/wp\/v2\/media?parent=160387"}],"curies":[{"name":"wp","href":"https:\/\/api.w.org\/{rel}","templated":true}]}}