{"id":160746,"date":"2025-12-31T07:40:15","date_gmt":"2025-12-31T06:40:15","guid":{"rendered":"https:\/\/monkeyprint.ch\/?page_id=160746"},"modified":"2026-04-11T15:51:22","modified_gmt":"2026-04-11T13:51:22","slug":"nachhaltig-und-fair","status":"publish","type":"page","link":"https:\/\/kutaceqe.cyon.site\/index.php\/nachhaltig-und-fair\/","title":{"rendered":"Nachhaltig und Fair"},"content":{"rendered":"<div class=\"wpb-content-wrapper\"><p>[vc_row row_height_percent=&#8220;50&#8243; override_padding=&#8220;yes&#8220; h_padding=&#8220;3&#8243; top_padding=&#8220;1&#8243; bottom_padding=&#8220;1&#8243; back_color=&#8220;color-xsdn&#8220; parallax=&#8220;yes&#8220; overlay_color=&#8220;color-xsdn&#8220; overlay_alpha=&#8220;90&#8243; gutter_size=&#8220;3&#8243; column_width_percent=&#8220;100&#8243; shift_y=&#8220;0&#8243; z_index=&#8220;0&#8243; bottom_divider=&#8220;tilt&#8220; content_parallax=&#8220;0&#8243; uncode_shortcode_id=&#8220;877678&#8243; back_color_type=&#8220;uncode-palette&#8220; overlay_color_type=&#8220;uncode-palette&#8220;][vc_column column_width_percent=&#8220;100&#8243; position_vertical=&#8220;middle&#8220; align_horizontal=&#8220;align_center&#8220; gutter_size=&#8220;3&#8243; overlay_alpha=&#8220;50&#8243; shift_x=&#8220;0&#8243; shift_y=&#8220;0&#8243; shift_y_down=&#8220;0&#8243; z_index=&#8220;0&#8243; medium_width=&#8220;0&#8243; mobile_width=&#8220;0&#8243; width=&#8220;1\/1&#8243;][vc_empty_space custom=&#8220;yes&#8220; desktop_visibility=&#8220;yes&#8220; medium_visibility=&#8220;yes&#8220; custom_height=&#8220;30px&#8220;][vc_custom_heading text_color=&#8220;accent&#8220; heading_semantic=&#8220;h6&#8243; text_size=&#8220;fontsize-160000&#8243; text_transform=&#8220;uppercase&#8220; text_space=&#8220;fontspace-135905&#8243; uncode_shortcode_id=&#8220;820746&#8243; text_color_type=&#8220;uncode-palette&#8220;]Nachhaltig &amp; fair produziert![\/vc_custom_heading][vc_custom_heading text_size=&#8220;fontsize-445851&#8243; uncode_shortcode_id=&#8220;581177&#8243;]Unsere Kleider sind nachhaltig &amp; fair produziert![\/vc_custom_heading][vc_empty_space custom=&#8220;yes&#8220; desktop_visibility=&#8220;yes&#8220; medium_visibility=&#8220;yes&#8220; custom_height=&#8220;40px&#8220;][\/vc_column][\/vc_row][vc_row row_height_percent=&#8220;0&#8243; override_padding=&#8220;yes&#8220; h_padding=&#8220;2&#8243; top_padding=&#8220;5&#8243; bottom_padding=&#8220;3&#8243; back_color=&#8220;color-gyho&#8220; overlay_alpha=&#8220;100&#8243; gutter_size=&#8220;3&#8243; column_width_percent=&#8220;100&#8243; shift_y=&#8220;0&#8243; z_index=&#8220;0&#8243; enable_top_divider=&#8220;default&#8220; top_divider_inv=&#8220;tilt&#8220; shape_top_invert=&#8220;yes&#8220; shape_top_h_use_pixel=&#8220;&#8220; shape_top_height=&#8220;80&#8243; shape_top_opacity=&#8220;100&#8243; shape_top_index=&#8220;0&#8243; bottom_divider=&#8220;tilt&#8220; content_parallax=&#8220;0&#8243; row_height_use_pixel=&#8220;&#8220; uncode_shortcode_id=&#8220;982630&#8243; back_color_type=&#8220;uncode-palette&#8220;][vc_column column_width_percent=&#8220;100&#8243; align_horizontal=&#8220;align_center&#8220; gutter_size=&#8220;3&#8243; overlay_alpha=&#8220;50&#8243; shift_x=&#8220;0&#8243; shift_y=&#8220;0&#8243; shift_y_down=&#8220;0&#8243; z_index=&#8220;0&#8243; medium_width=&#8220;0&#8243; mobile_width=&#8220;0&#8243; zoom_width=&#8220;0&#8243; zoom_height=&#8220;0&#8243; uncode_shortcode_id=&#8220;152831&#8243;][vc_column_text text_lead=&#8220;yes&#8220; uncode_shortcode_id=&#8220;149021&#8243;]<\/p>\n<h2 style=\"text-align: left;\">Unser Ehrenwort<\/h2>\n<p style=\"text-align: left;\">Nachhaltigkeit ist bei MONKEYMERCH kein Zusatz, sondern die Grundlage unseres Handelns. Wir sind \u00fcberzeugt, dass individuelle Kleidung nur dann wirklich Sinn ergibt, wenn sie nicht auf Kosten von Menschen oder Umwelt entsteht. Deshalb setzen wir konsequent auf verantwortungsvolle Materialien, faire Produktionsbedingungen und einen bewussten Umgang mit Ressourcen entlang der gesamten Wertsch\u00f6pfungskette.<\/p>\n<h2 style=\"text-align: left;\">Verantwortung beginnt beim Material<\/h2>\n<p style=\"text-align: left;\">Die Basis jedes Kleidungsst\u00fccks ist das Rohmaterial. Bei MONKEYMERCH verwenden wir ausschliesslich Textilien, die aus nachhaltigen und gepr\u00fcften Quellen stammen. Dazu geh\u00f6ren insbesondere Bio-Baumwolle aus kontrolliert biologischem Anbau sowie recycelte Fasern, wo immer es sinnvoll und qualitativ m\u00f6glich ist.<\/p>\n<p style=\"text-align: left;\">Diese Materialien zeichnen sich nicht nur durch eine deutlich geringere Umweltbelastung aus, sondern auch durch hohe Qualit\u00e4t, Langlebigkeit und angenehmen Tragekomfort. Denn nachhaltig bedeutet f\u00fcr uns nicht Verzicht, sondern bewusste Qualit\u00e4t.<\/p>\n<h2 style=\"text-align: left;\">Faire Bedingungen<\/h2>\n<p style=\"text-align: left;\">Nachhaltigkeit ist untrennbar mit Fairness verbunden. Wir arbeiten ausschliesslich mit Produzenten zusammen, die faire L\u00f6hne zahlen, sichere Arbeitsbedingungen gew\u00e4hrleisten und internationale Sozialstandards einhalten.<\/p>\n<p style=\"text-align: left;\">Unsere Partner verpflichten sich unter anderem zu:<\/p>\n<ul>\n<li style=\"text-align: left;\">Verbot von Kinder- und Zwangsarbeit<\/li>\n<li style=\"text-align: left;\">fairer Entlohnung und geregelten Arbeitszeiten<\/li>\n<li style=\"text-align: left;\">sicheren und gesundheitsvertr\u00e4glichen Arbeitspl\u00e4tzen<\/li>\n<li style=\"text-align: left;\">Transparenz entlang der Lieferkette<\/li>\n<\/ul>\n<p style=\"text-align: left;\">So stellen wir sicher, dass jedes Kleidungsst\u00fcck nicht nur \u00f6kologisch, sondern auch sozial verantwortungsvoll hergestellt wird.<\/p>\n<h2 style=\"text-align: left;\">Produktion nach Bedarf<\/h2>\n<p style=\"text-align: left;\">Ein zentraler Hebel f\u00fcr mehr Nachhaltigkeit ist die Vermeidung von \u00dcberproduktion. Klassische Textilproduktion arbeitet oft auf Vorrat und produziert grosse Mengen, die sp\u00e4ter nicht verkauft werden und im schlimmsten Fall entsorgt werden m\u00fcssen.<\/p>\n<p style=\"text-align: left;\">MONKEYMERCH geht bewusst einen anderen Weg. Wir produzieren auf Bestellung und in Kleinmengen, bereits ab einem St\u00fcck. Dadurch reduzieren wir Abfall, vermeiden unn\u00f6tige Lagerbest\u00e4nde und gehen sorgsam mit Ressourcen um. Jedes Produkt entsteht, weil es gebraucht wird.<\/p>\n<h2 style=\"text-align: left;\">Kurze Wege und transparente Prozesse<\/h2>\n<p style=\"text-align: left;\">Wo immer m\u00f6glich setzen wir auf kurze Transportwege und effiziente Prozesse. Das reduziert CO\u2082-Emissionen und erh\u00f6ht gleichzeitig die Transparenz. Wir wissen, wo unsere Produkte herkommen, wie sie gefertigt werden und unter welchen Bedingungen sie entstehen.<\/p>\n<p style=\"text-align: left;\">Diese N\u00e4he zu unseren Partnern erm\u00f6glicht es uns, Qualit\u00e4t, Nachhaltigkeit und Fairness kontinuierlich zu \u00fcberpr\u00fcfen und weiterzuentwickeln.<\/p>\n<h2 style=\"text-align: left;\">Nachhaltigkeit als kontinuierlicher Prozess<\/h2>\n<p style=\"text-align: left;\">Wir verstehen Nachhaltigkeit nicht als statischen Zustand, sondern als laufende Aufgabe. Materialien, Prozesse und Technologien entwickeln sich weiter, und wir entwickeln uns mit. Wir hinterfragen regelm\u00e4ssig unsere Entscheidungen und suchen aktiv nach besseren L\u00f6sungen, sei es bei neuen Stoffen, effizienteren Produktionsmethoden oder noch transparenteren Lieferketten.<\/p>\n<p style=\"text-align: left;\">Unser Anspruch ist es, mit jedem Schritt ein St\u00fcck verantwortungsvoller zu werden.<\/p>\n<h2 style=\"text-align: left;\">Individuelle Kleidung mit gutem Gef\u00fchl<\/h2>\n<p style=\"text-align: left;\">Wer bei MONKEYMERCH gestaltet, entscheidet sich nicht nur f\u00fcr ein individuelles Design, sondern auch f\u00fcr ein bewusstes Produkt. F\u00fcr Kleidung, die mit Respekt gegen\u00fcber Mensch und Umwelt hergestellt wurde. F\u00fcr Qualit\u00e4t, die bleibt. Und f\u00fcr einen Ansatz, der zeigt, dass Individualit\u00e4t und Verantwortung sehr gut zusammenpassen.<\/p>\n<p style=\"text-align: left;\">So wird aus jedem Kleidungsst\u00fcck mehr als nur ein Produkt: Es wird ein Ausdruck von Haltung.<\/p>\n<p>[\/vc_column_text][\/vc_column][\/vc_row][vc_row row_height_percent=&#8220;0&#8243; override_padding=&#8220;yes&#8220; h_padding=&#8220;1&#8243; top_padding=&#8220;3&#8243; bottom_padding=&#8220;3&#8243; back_color=&#8220;color-lxmt&#8220; overlay_alpha=&#8220;50&#8243; gutter_size=&#8220;5&#8243; column_width_use_pixel=&#8220;yes&#8220; shift_y=&#8220;0&#8243; z_index=&#8220;0&#8243; content_parallax=&#8220;0&#8243; uncode_shortcode_id=&#8220;913232&#8243; back_color_type=&#8220;uncode-palette&#8220; column_width_pixel=&#8220;1400&#8243;][vc_column column_width_percent=&#8220;100&#8243; align_horizontal=&#8220;align_center&#8220; gutter_size=&#8220;4&#8243; overlay_alpha=&#8220;50&#8243; shift_x=&#8220;0&#8243; shift_y=&#8220;0&#8243; shift_y_down=&#8220;0&#8243; z_index=&#8220;0&#8243; medium_width=&#8220;5&#8243; mobile_width=&#8220;0&#8243; width=&#8220;1\/1&#8243; uncode_shortcode_id=&#8220;202486&#8243;][vc_custom_heading heading_semantic=&#8220;h4&#8243; text_font=&#8220;font-165032&#8243; text_size=&#8220;custom&#8220; text_weight=&#8220;200&#8243; text_space=&#8220;fontspace-781688&#8243; css_animation=&#8220;text-reveal&#8220; text_reveal_target=&#8220;chars&#8220; text_reveal_opacity=&#8220;30&#8243; text_reveal_speed=&#8220;100&#8243; text_reveal_top=&#8220;80&#8243; uncode_shortcode_id=&#8220;805521&#8243; heading_custom_size=&#8220;clamp(24px,5vw,70px)&#8220;]<\/p>\n<p data-start=\"314\" data-end=\"636\">Wir legen grossen Wert auf nachhaltige Artikel und eine verantwortungsvolle Produktion. Bereits ab einem St\u00fcck k\u00f6nnen individuelle Designs umgesetzt werden. Klare Prozesse und zuverl\u00e4ssige Qualit\u00e4t im Hintergrund sorgen daf\u00fcr, dass aus einer Idee schnell ein fertiges Produkt entsteht \u2013 genau dann, wenn es gebraucht wird.<\/p>\n<p>[\/vc_custom_heading][\/vc_column][\/vc_row][vc_row unlock_row_content=&#8220;yes&#8220; row_height_percent=&#8220;0&#8243; override_padding=&#8220;yes&#8220; h_padding=&#8220;3&#8243; top_padding=&#8220;5&#8243; bottom_padding=&#8220;5&#8243; back_color=&#8220;color-xsdn&#8220; overlay_alpha=&#8220;50&#8243; gutter_size=&#8220;2&#8243; column_width_use_pixel=&#8220;yes&#8220; shift_y=&#8220;0&#8243; z_index=&#8220;0&#8243; uncode_shortcode_id=&#8220;170712&#8243; back_color_type=&#8220;uncode-palette&#8220; column_width_pixel=&#8220;1600&#8243;][vc_column column_width_percent=&#8220;100&#8243; align_horizontal=&#8220;align_center&#8220; gutter_size=&#8220;5&#8243; overlay_alpha=&#8220;50&#8243; shift_x=&#8220;0&#8243; shift_y=&#8220;0&#8243; shift_y_down=&#8220;0&#8243; z_index=&#8220;0&#8243; medium_width=&#8220;0&#8243; mobile_width=&#8220;0&#8243; css_animation=&#8220;alpha-anim&#8220; animation_speed=&#8220;1600&#8243; width=&#8220;1\/1&#8243; uncode_shortcode_id=&#8220;110406&#8243;][vc_row_inner row_inner_height_percent=&#8220;0&#8243; overlay_alpha=&#8220;50&#8243; gutter_size=&#8220;5&#8243; shift_y=&#8220;0&#8243; z_index=&#8220;0&#8243; limit_content=&#8220;&#8220; uncode_shortcode_id=&#8220;594214&#8243;][vc_column_inner column_width_percent=&#8220;100&#8243; position_vertical=&#8220;bottom&#8220; gutter_size=&#8220;3&#8243; overlay_alpha=&#8220;50&#8243; shift_x=&#8220;0&#8243; shift_y=&#8220;0&#8243; shift_y_down=&#8220;0&#8243; z_index=&#8220;0&#8243; medium_width=&#8220;4&#8243; mobile_width=&#8220;0&#8243; width=&#8220;1\/4&#8243; uncode_shortcode_id=&#8220;761701&#8243; el_class=&#8220;rotate-minus-beta&#8220;][uncode_index el_id=&#8220;index-581094100-544-709-453&#8243; index_type=&#8220;css_grid&#8220; loop=&#8220;size:1|order_by:ID|order:ASC|post_type:post|taxonomy_count:10&#8243; grid_items=&#8220;1&#8243; screen_lg_items=&#8220;1&#8243; screen_lg_breakpoint=&#8220;1000&#8243; screen_md_items=&#8220;2&#8243; screen_md_breakpoint=&#8220;600&#8243; screen_sm_items=&#8220;1&#8243; screen_sm_breakpoint=&#8220;480&#8243; gutter_size=&#8220;4&#8243; css_grid_v_align=&#8220;middle&#8220; post_items=&#8220;media|featured|onpost|poster,date,title,text|excerpt|140&#8243; portfolio_items=&#8220;media|featured|onpost|original,title|-,text|excerpt&#8220; css_grid_images_size=&#8220;five-four&#8220; single_overlay_opacity=&#8220;10&#8243; single_text_visible=&#8220;yes&#8220; single_text_anim=&#8220;no&#8220; single_image_anim=&#8220;no&#8220; single_padding=&#8220;1&#8243; single_title_dimension=&#8220;h3&#8243; single_title_weight=&#8220;800&#8243; single_meta_custom_typo=&#8220;yes&#8220; single_meta_size=&#8220;large&#8220; single_border=&#8220;yes&#8220; uncode_shortcode_id=&#8220;984573&#8243;][\/vc_column_inner][vc_column_inner column_width_percent=&#8220;100&#8243; position_vertical=&#8220;middle&#8220; gutter_size=&#8220;3&#8243; overlay_alpha=&#8220;50&#8243; shift_x=&#8220;0&#8243; shift_y=&#8220;0&#8243; shift_y_down=&#8220;0&#8243; z_index=&#8220;0&#8243; medium_width=&#8220;4&#8243; mobile_width=&#8220;0&#8243; width=&#8220;1\/4&#8243; uncode_shortcode_id=&#8220;436869&#8243; el_class=&#8220;rotate-plus-beta&#8220;][uncode_index el_id=&#8220;index-581094100-544-709-453&#8243; index_type=&#8220;css_grid&#8220; loop=&#8220;size:1|order_by:date|post_type:post|taxonomy_count:10&#8243; grid_items=&#8220;1&#8243; screen_lg_items=&#8220;1&#8243; screen_lg_breakpoint=&#8220;1000&#8243; screen_md_items=&#8220;1&#8243; screen_md_breakpoint=&#8220;600&#8243; screen_sm_items=&#8220;1&#8243; screen_sm_breakpoint=&#8220;480&#8243; gutter_size=&#8220;4&#8243; css_grid_v_align=&#8220;middle&#8220; post_items=&#8220;media|featured|onpost|poster,date,title,text|excerpt|140&#8243; css_grid_images_size=&#8220;three-two&#8220; single_overlay_opacity=&#8220;10&#8243; single_text_visible=&#8220;yes&#8220; single_text_anim=&#8220;no&#8220; single_image_anim=&#8220;no&#8220; single_padding=&#8220;1&#8243; single_title_dimension=&#8220;h3&#8243; single_title_weight=&#8220;800&#8243; single_meta_custom_typo=&#8220;yes&#8220; single_meta_size=&#8220;large&#8220; single_border=&#8220;yes&#8220; uncode_shortcode_id=&#8220;123141&#8243; offset=&#8220;1&#8243;][\/vc_column_inner][vc_column_inner column_width_percent=&#8220;100&#8243; position_vertical=&#8220;middle&#8220; gutter_size=&#8220;3&#8243; overlay_alpha=&#8220;50&#8243; shift_x=&#8220;0&#8243; shift_y=&#8220;0&#8243; shift_y_down=&#8220;0&#8243; z_index=&#8220;0&#8243; medium_width=&#8220;4&#8243; mobile_width=&#8220;0&#8243; width=&#8220;1\/4&#8243; uncode_shortcode_id=&#8220;854062&#8243; el_class=&#8220;rotate-minus-beta&#8220;][uncode_index el_id=&#8220;index-581094100-544-709-453&#8243; index_type=&#8220;css_grid&#8220; loop=&#8220;size:1|order_by:date|post_type:post|taxonomy_count:10&#8243; grid_items=&#8220;1&#8243; screen_lg_items=&#8220;1&#8243; screen_lg_breakpoint=&#8220;1000&#8243; screen_md_items=&#8220;1&#8243; screen_md_breakpoint=&#8220;600&#8243; screen_sm_items=&#8220;1&#8243; screen_sm_breakpoint=&#8220;480&#8243; gutter_size=&#8220;4&#8243; css_grid_v_align=&#8220;middle&#8220; post_items=&#8220;media|featured|onpost|poster,date,title,text|excerpt|140&#8243; css_grid_images_size=&#8220;five-four&#8220; single_overlay_opacity=&#8220;10&#8243; single_text_visible=&#8220;yes&#8220; single_text_anim=&#8220;no&#8220; single_image_anim=&#8220;no&#8220; single_padding=&#8220;1&#8243; single_title_dimension=&#8220;h3&#8243; single_title_weight=&#8220;800&#8243; single_meta_custom_typo=&#8220;yes&#8220; single_meta_size=&#8220;large&#8220; single_border=&#8220;yes&#8220; uncode_shortcode_id=&#8220;192213&#8243; offset=&#8220;2&#8243;][\/vc_column_inner][vc_column_inner column_width_percent=&#8220;100&#8243; gutter_size=&#8220;3&#8243; overlay_alpha=&#8220;50&#8243; shift_x=&#8220;0&#8243; shift_y=&#8220;0&#8243; shift_y_down=&#8220;0&#8243; z_index=&#8220;0&#8243; medium_width=&#8220;4&#8243; mobile_width=&#8220;0&#8243; width=&#8220;1\/4&#8243; uncode_shortcode_id=&#8220;254930&#8243; el_class=&#8220;rotate-plus-beta&#8220;][uncode_index el_id=&#8220;index-581094100-544-709-453&#8243; index_type=&#8220;css_grid&#8220; loop=&#8220;size:1|order_by:date|post_type:post|taxonomy_count:10&#8243; grid_items=&#8220;1&#8243; screen_lg_items=&#8220;1&#8243; screen_lg_breakpoint=&#8220;1000&#8243; screen_md_items=&#8220;1&#8243; screen_md_breakpoint=&#8220;600&#8243; screen_sm_items=&#8220;1&#8243; screen_sm_breakpoint=&#8220;480&#8243; gutter_size=&#8220;4&#8243; css_grid_v_align=&#8220;middle&#8220; post_items=&#8220;media|featured|onpost|poster,date,title,text|excerpt|140&#8243; css_grid_images_size=&#8220;four-three&#8220; single_overlay_opacity=&#8220;10&#8243; single_text_visible=&#8220;yes&#8220; single_text_anim=&#8220;no&#8220; single_image_anim=&#8220;no&#8220; single_padding=&#8220;1&#8243; single_title_dimension=&#8220;h3&#8243; single_title_weight=&#8220;800&#8243; single_meta_custom_typo=&#8220;yes&#8220; single_meta_size=&#8220;large&#8220; single_border=&#8220;yes&#8220; uncode_shortcode_id=&#8220;148388&#8243; offset=&#8220;3&#8243;][\/vc_column_inner][\/vc_row_inner][\/vc_column][\/vc_row]<\/p>\n<\/div>","protected":false},"excerpt":{"rendered":"<p>[vc_row row_height_percent=&#8220;50&#8243; override_padding=&#8220;yes&#8220; h_padding=&#8220;3&#8243; top_padding=&#8220;1&#8243; bottom_padding=&#8220;1&#8243; back_color=&#8220;color-xsdn&#8220; parallax=&#8220;yes&#8220; overlay_color=&#8220;color-xsdn&#8220; overlay_alpha=&#8220;90&#8243; gutter_size=&#8220;3&#8243; column_width_percent=&#8220;100&#8243; shift_y=&#8220;0&#8243; z_index=&#8220;0&#8243; bottom_divider=&#8220;tilt&#8220; content_parallax=&#8220;0&#8243; uncode_shortcode_id=&#8220;877678&#8243; back_color_type=&#8220;uncode-palette&#8220; overlay_color_type=&#8220;uncode-palette&#8220;][vc_column column_width_percent=&#8220;100&#8243; [&hellip;]<\/p>\n","protected":false},"author":1,"featured_media":0,"parent":0,"menu_order":0,"comment_status":"closed","ping_status":"closed","template":"","meta":{"footnotes":""},"class_list":["post-160746","page","type-page","status-publish","hentry"],"_links":{"self":[{"href":"https:\/\/kutaceqe.cyon.site\/index.php\/wp-json\/wp\/v2\/pages\/160746","targetHints":{"allow":["GET"]}}],"collection":[{"href":"https:\/\/kutaceqe.cyon.site\/index.php\/wp-json\/wp\/v2\/pages"}],"about":[{"href":"https:\/\/kutaceqe.cyon.site\/index.php\/wp-json\/wp\/v2\/types\/page"}],"author":[{"embeddable":true,"href":"https:\/\/kutaceqe.cyon.site\/index.php\/wp-json\/wp\/v2\/users\/1"}],"replies":[{"embeddable":true,"href":"https:\/\/kutaceqe.cyon.site\/index.php\/wp-json\/wp\/v2\/comments?post=160746"}],"version-history":[{"count":23,"href":"https:\/\/kutaceqe.cyon.site\/index.php\/wp-json\/wp\/v2\/pages\/160746\/revisions"}],"predecessor-version":[{"id":173241,"href":"https:\/\/kutaceqe.cyon.site\/index.php\/wp-json\/wp\/v2\/pages\/160746\/revisions\/173241"}],"wp:attachment":[{"href":"https:\/\/kutaceqe.cyon.site\/index.php\/wp-json\/wp\/v2\/media?parent=160746"}],"curies":[{"name":"wp","href":"https:\/\/api.w.org\/{rel}","templated":true}]}}