{"id":161150,"date":"2026-01-12T18:11:05","date_gmt":"2026-01-12T17:11:05","guid":{"rendered":"https:\/\/monkeyprint.ch\/?page_id=161150"},"modified":"2026-04-11T15:45:05","modified_gmt":"2026-04-11T13:45:05","slug":"partner","status":"publish","type":"page","link":"https:\/\/kutaceqe.cyon.site\/index.php\/partner\/","title":{"rendered":"Partner"},"content":{"rendered":"<div class=\"wpb-content-wrapper\"><p>[vc_row row_height_percent=&#8220;50&#8243; override_padding=&#8220;yes&#8220; h_padding=&#8220;3&#8243; top_padding=&#8220;2&#8243; bottom_padding=&#8220;4&#8243; back_color=&#8220;color-xsdn&#8220; parallax=&#8220;yes&#8220; overlay_color=&#8220;color-xsdn&#8220; overlay_alpha=&#8220;90&#8243; gutter_size=&#8220;3&#8243; column_width_percent=&#8220;100&#8243; shift_y=&#8220;0&#8243; z_index=&#8220;0&#8243; content_parallax=&#8220;0&#8243; uncode_shortcode_id=&#8220;452805&#8243; back_color_type=&#8220;uncode-palette&#8220; overlay_color_type=&#8220;uncode-palette&#8220;][vc_column column_width_percent=&#8220;100&#8243; position_vertical=&#8220;middle&#8220; align_horizontal=&#8220;align_center&#8220; gutter_size=&#8220;3&#8243; overlay_alpha=&#8220;50&#8243; shift_x=&#8220;0&#8243; shift_y=&#8220;0&#8243; shift_y_down=&#8220;0&#8243; z_index=&#8220;0&#8243; medium_width=&#8220;0&#8243; mobile_width=&#8220;0&#8243; width=&#8220;1\/1&#8243;][vc_custom_heading text_color=&#8220;accent&#8220; heading_semantic=&#8220;h6&#8243; text_size=&#8220;fontsize-160000&#8243; text_transform=&#8220;uppercase&#8220; text_space=&#8220;fontspace-135905&#8243; uncode_shortcode_id=&#8220;160873&#8243; text_color_type=&#8220;uncode-palette&#8220;]Unsere Zusammenarbeit[\/vc_custom_heading][vc_custom_heading text_size=&#8220;fontsize-445851&#8243; uncode_shortcode_id=&#8220;191267&#8243;]Unsere gesch\u00e4tzten Partner[\/vc_custom_heading][\/vc_column][\/vc_row][vc_row row_height_percent=&#8220;0&#8243; override_padding=&#8220;yes&#8220; h_padding=&#8220;2&#8243; top_padding=&#8220;2&#8243; bottom_padding=&#8220;2&#8243; back_color=&#8220;color-lxmt&#8220; overlay_alpha=&#8220;50&#8243; gutter_size=&#8220;3&#8243; column_width_percent=&#8220;100&#8243; shift_y=&#8220;0&#8243; z_index=&#8220;0&#8243; content_parallax=&#8220;0&#8243; uncode_shortcode_id=&#8220;192082&#8243; back_color_type=&#8220;uncode-palette&#8220;][vc_column column_width_percent=&#8220;100&#8243; position_vertical=&#8220;bottom&#8220; gutter_size=&#8220;3&#8243; overlay_alpha=&#8220;50&#8243; shift_x=&#8220;0&#8243; shift_y=&#8220;0&#8243; shift_y_down=&#8220;0&#8243; z_index=&#8220;0&#8243; medium_width=&#8220;0&#8243; mobile_width=&#8220;0&#8243; width=&#8220;1\/1&#8243; uncode_shortcode_id=&#8220;681695&#8243;][vc_row_inner row_inner_height_percent=&#8220;0&#8243; overlay_alpha=&#8220;50&#8243; gutter_size=&#8220;4&#8243; shift_y=&#8220;0&#8243; z_index=&#8220;0&#8243; bottom_divider=&#8220;clouds&#8220; limit_content=&#8220;&#8220; uncode_shortcode_id=&#8220;188401&#8243;][vc_column_inner column_width_percent=&#8220;100&#8243; gutter_size=&#8220;4&#8243; overlay_alpha=&#8220;50&#8243; shift_x=&#8220;0&#8243; shift_y=&#8220;0&#8243; shift_y_down=&#8220;0&#8243; z_index=&#8220;0&#8243; medium_width=&#8220;6&#8243; mobile_width=&#8220;7&#8243; width=&#8220;8\/12&#8243; uncode_shortcode_id=&#8220;172240&#8243;][vc_column_text text_lead=&#8220;yes&#8220; uncode_shortcode_id=&#8220;141290&#8243;]<\/p>\n<h2>Zu unseren Partner<\/h2>\n<p data-start=\"185\" data-end=\"502\">Auf dieser Seite stellen wir unsere Partner vor, mit denen wir <strong>t\u00e4glich zusammenarbeiten<\/strong>. Transparenz ist f\u00fcr uns kein Schlagwort, sondern ein zentraler Wert. <strong>Deshalb zeigen wir offen,<\/strong> wer hinter unseren Produkten, Prozessen und Dienstleistungen steht. So machen wir f\u00fcr unsere <strong>Kundinnen und Kunden nachvollziehbar,<\/strong> wie und mit wem MONKEYMERCH entsteht.<\/p>\n<p>[\/vc_column_text][\/vc_column_inner][\/vc_row_inner][\/vc_column][\/vc_row][vc_row row_height_percent=&#8220;0&#8243; override_padding=&#8220;yes&#8220; h_padding=&#8220;2&#8243; top_padding=&#8220;2&#8243; bottom_padding=&#8220;2&#8243; back_color=&#8220;color-xsdn&#8220; overlay_alpha=&#8220;50&#8243; gutter_size=&#8220;3&#8243; column_width_percent=&#8220;100&#8243; shift_y=&#8220;0&#8243; z_index=&#8220;0&#8243; content_parallax=&#8220;0&#8243; uncode_shortcode_id=&#8220;656570&#8243; back_color_type=&#8220;uncode-palette&#8220;][vc_column column_width_percent=&#8220;100&#8243; position_vertical=&#8220;bottom&#8220; gutter_size=&#8220;3&#8243; overlay_alpha=&#8220;50&#8243; shift_x=&#8220;0&#8243; shift_y=&#8220;0&#8243; shift_y_down=&#8220;0&#8243; z_index=&#8220;0&#8243; medium_width=&#8220;0&#8243; mobile_width=&#8220;0&#8243; width=&#8220;1\/1&#8243; uncode_shortcode_id=&#8220;681695&#8243;][vc_row_inner row_inner_height_percent=&#8220;0&#8243; overlay_alpha=&#8220;50&#8243; gutter_size=&#8220;4&#8243; shift_y=&#8220;0&#8243; z_index=&#8220;0&#8243; bottom_divider=&#8220;clouds&#8220; limit_content=&#8220;&#8220; uncode_shortcode_id=&#8220;188401&#8243;][vc_column_inner column_width_percent=&#8220;100&#8243; gutter_size=&#8220;4&#8243; overlay_alpha=&#8220;50&#8243; shift_x=&#8220;0&#8243; shift_y=&#8220;0&#8243; shift_y_down=&#8220;0&#8243; z_index=&#8220;0&#8243; medium_width=&#8220;6&#8243; mobile_width=&#8220;7&#8243; toggle=&#8220;yes&#8220; max_height=&#8220;400&#8243; closed_txt=&#8220;Mehr anzeigen&#8220; icon_closed=&#8220;fa fa-plus&#8220; btn_margin=&#8220;std&#8220; open_txt=&#8220;Weniger anzeigen&#8220; icon_open=&#8220;fa fa-minus&#8220; btn_margin_open=&#8220;std&#8220; fade=&#8220;sm&#8220; btn_align=&#8220;left&#8220; toggle_scroll=&#8220;yes&#8220; width=&#8220;8\/12&#8243; uncode_shortcode_id=&#8220;185999&#8243; toggle_classes=&#8220;h5 btn-underline-in btn-custom-typo font-846016 font-weight-400 text-initial no-letterspace btn-no-scale&#8220;][vc_column_text text_lead=&#8220;yes&#8220; uncode_shortcode_id=&#8220;153385&#8243;]<img decoding=\"async\" class=\"alignnone size-full wp-image-161169\" style=\"margin-bottom: -7px;\" src=\"https:\/\/monkeyprint.ch\/wp-content\/uploads\/2026\/01\/logo_stanley.png\" alt=\"\" width=\"221\" height=\"21\"><\/p>\n<p>Stanley\/Stella wurde <strong>2012<\/strong>&nbsp;gegr\u00fcndet und ist ein&nbsp;<strong>europ\u00e4ischer f\u00fchrender Name<\/strong>&nbsp;f\u00fcr&nbsp;<strong>hochwertige, nachhaltige personalisierbare Kleidungsst\u00fccke<\/strong>, angetrieben durch&nbsp;<strong>Innovation, Nachhaltigkeit und beispiellose Qualit\u00e4t<\/strong>.<span class=\"stst-mt-4 stst-block\">Mit Aktivit\u00e4ten in&nbsp;<strong>vier Kontinenten<\/strong>&nbsp;und einer Erfolgsbilanz in Europa engagiert sich das Unternehmen daf\u00fcr, eine&nbsp;<strong>moderne, neue Referenz<\/strong>&nbsp;f\u00fcr hochwertige personalisierbare Kleidung auf den Markt zu bringen, die f\u00fcr ihre&nbsp;<strong>Passform, ihren tollen Look &amp; Feel und au\u00dfergew\u00f6hnliche Dekorationsergebnisse<\/strong>&nbsp;bekannt ist.<\/span><\/p>\n<p><strong>Nachhaltigkeit ist der Mittelpunkt der Identit\u00e4t.<\/strong><br \/>\nStanley Stella hat sich von Anfang an f\u00fcr ethische Praktiken in der gesamten Wertsch\u00f6pfungskette eingesetzt, und damit die R\u00fcckverfolgbarkeit von der Saat bis zum Kleidungsst\u00fcck gew\u00e4hrleistet.<\/p>\n<p>Die Qualit\u00e4t, Strapazierf\u00e4higkeit und Wiederverwendbarkeit eines Kleidungsst\u00fccks beginnt mit der Auswahl des Gewebes, das eine entscheidende Rolle f\u00fcr die \u00f6kologischen Auswirkungen spielt.&nbsp;<strong>Unsere gesamte Knitwear wird aus 100% biologischer Baumwolle und recyceltem Polyester hergestellt.<\/strong><\/p>\n<p>Stanley Stella geht \u00fcber die Zertifizierungen hinaus, indem sie die <strong>vollst\u00e4ndige R\u00fcckverfolgbarkeit<\/strong> \u00fcber die gesamte Wertekette gew\u00e4hrleisten &#8211; von der <strong>Auswahl der Saat bis zum fertiggestellten Kleidungsst\u00fcck<\/strong>. Dies erm\u00f6glicht es, mit \u00dcberzeugung zu best\u00e4tigen, dass mit <strong>jedem Material in jeder Phase verantwortungsvoll umgegangen<\/strong> wird, und dass Stanley Stelle dabei starke Beziehungen zu allen unseren Partnern pflegen.<\/p>\n<p>Homepage: <a href=\"https:\/\/stanleystella.com\/\" target=\"_blank\" rel=\"noopener\">https:\/\/stanleystella.com\/<\/a>[\/vc_column_text][\/vc_column_inner][\/vc_row_inner][\/vc_column][\/vc_row][vc_row row_height_percent=&#8220;0&#8243; override_padding=&#8220;yes&#8220; h_padding=&#8220;2&#8243; top_padding=&#8220;2&#8243; bottom_padding=&#8220;2&#8243; back_color=&#8220;color-lxmt&#8220; overlay_alpha=&#8220;50&#8243; gutter_size=&#8220;3&#8243; column_width_percent=&#8220;100&#8243; shift_y=&#8220;0&#8243; z_index=&#8220;0&#8243; content_parallax=&#8220;0&#8243; uncode_shortcode_id=&#8220;109887&#8243; back_color_type=&#8220;uncode-palette&#8220;][vc_column column_width_percent=&#8220;100&#8243; position_vertical=&#8220;bottom&#8220; gutter_size=&#8220;3&#8243; overlay_alpha=&#8220;50&#8243; shift_x=&#8220;0&#8243; shift_y=&#8220;0&#8243; shift_y_down=&#8220;0&#8243; z_index=&#8220;0&#8243; medium_width=&#8220;0&#8243; mobile_width=&#8220;0&#8243; width=&#8220;1\/1&#8243; uncode_shortcode_id=&#8220;681695&#8243;][vc_row_inner row_inner_height_percent=&#8220;0&#8243; overlay_alpha=&#8220;50&#8243; gutter_size=&#8220;4&#8243; shift_y=&#8220;0&#8243; z_index=&#8220;0&#8243; bottom_divider=&#8220;clouds&#8220; limit_content=&#8220;&#8220; uncode_shortcode_id=&#8220;188401&#8243;][vc_column_inner column_width_percent=&#8220;100&#8243; gutter_size=&#8220;4&#8243; overlay_alpha=&#8220;50&#8243; shift_x=&#8220;0&#8243; shift_y=&#8220;0&#8243; shift_y_down=&#8220;0&#8243; z_index=&#8220;0&#8243; medium_width=&#8220;6&#8243; mobile_width=&#8220;7&#8243; toggle=&#8220;yes&#8220; max_height=&#8220;400&#8243; closed_txt=&#8220;Mehr anzeigen&#8220; icon_closed=&#8220;fa fa-plus&#8220; btn_margin=&#8220;std&#8220; open_txt=&#8220;Weniger anzeigen&#8220; icon_open=&#8220;fa fa-minus&#8220; btn_margin_open=&#8220;std&#8220; fade=&#8220;sm&#8220; btn_align=&#8220;left&#8220; toggle_scroll=&#8220;yes&#8220; width=&#8220;8\/12&#8243; uncode_shortcode_id=&#8220;185999&#8243; toggle_classes=&#8220;h5 btn-underline-in btn-custom-typo font-846016 font-weight-400 text-initial no-letterspace btn-no-scale&#8220;][vc_column_text text_lead=&#8220;yes&#8220; uncode_shortcode_id=&#8220;151681&#8243;]<\/p>\n<h2><img decoding=\"async\" class=\"alignnone wp-image-159671\" src=\"https:\/\/monkeyprint.ch\/wp-content\/uploads\/2025\/11\/logo_7druck-300x69.webp\" alt=\"\" width=\"118\" height=\"27\" srcset=\"https:\/\/kutaceqe.cyon.site\/index.php\/wp-content\/uploads\/2025\/11\/logo_7druck-300x69.webp 300w, https:\/\/kutaceqe.cyon.site\/index.php\/wp-content\/uploads\/2025\/11\/logo_7druck-350x80.webp 350w, https:\/\/kutaceqe.cyon.site\/index.php\/wp-content\/uploads\/2025\/11\/logo_7druck.webp 546w\" sizes=\"(max-width: 118px) 100vw, 118px\" \/><\/h2>\n<p>Alle unsere Kleidungsst\u00fccke werden in Bern von der Firma 7-Druck GmbH mit viel Liebe veredelt und versendet. Das 7-Druck Team bedruckt seit 2018 mit <strong>grosser Leidenschaft<\/strong> Textilien aller Art. Was 2015 als Garagenfirma begann, hat sich zu einer vielseitigen und <strong>modernen Textildruckerei<\/strong> entwickelt.<\/p>\n<p data-start=\"504\" data-end=\"878\">Heute bietet 7-Druck eine breite Palette an <strong>hochwertigen Veredelungstechniken<\/strong> f\u00fcr verschiedenste Textilien an, von T-Shirts und Hoodies bis hin zu Arbeitskleidung, Accessoires und Sonderanfertigungen. Dabei kommen moderne Druckverfahren wie Digitaldruck, DTF und weitere innovative Technologien zum Einsatz, um langlebige, farbintensive und pr\u00e4zise Ergebnisse zu erzielen.<\/p>\n<p data-start=\"880\" data-end=\"1252\">Ein besonderer <strong>Fokus liegt auf Qualit\u00e4t, Zuverl\u00e4ssigkeit und Nachhaltigkeit<\/strong>. 7-Druck arbeitet mit sorgf\u00e4ltig ausgew\u00e4hlten Materialien und achtet auf ressourcenschonende Prozesse, wo immer dies m\u00f6glich ist. Die enge Zusammenarbeit mit MONKEYMERCH erm\u00f6glicht kurze Wege, schnelle Produktionszeiten und eine hohe Flexibilit\u00e4t auch bei kleinen St\u00fcckzahlen ab einem Exemplar.<\/p>\n<p data-start=\"1254\" data-end=\"1567\">So entsteht eine Kombination aus <strong>lokalem Handwerk, technischer Kompetenz und echter Leidenschaft<\/strong> f\u00fcr Textilien, die sich in jedem einzelnen Produkt widerspiegelt. F\u00fcr uns ist 7-Druck nicht nur ein Produktionspartner, sondern ein zentraler Teil unseres Qualit\u00e4tsversprechens gegen\u00fcber unseren Kundinnen und Kunden.<\/p>\n<p>Homepage: <a href=\"https:\/\/www.7-druck.com\/\" target=\"_blank\" rel=\"noopener\">https:\/\/www.7-druck.com\/<\/a>[\/vc_column_text][\/vc_column_inner][\/vc_row_inner][\/vc_column][\/vc_row][vc_row row_height_percent=&#8220;0&#8243; override_padding=&#8220;yes&#8220; h_padding=&#8220;2&#8243; top_padding=&#8220;3&#8243; bottom_padding=&#8220;3&#8243; back_color=&#8220;color-nhtu&#8220; overlay_alpha=&#8220;50&#8243; gutter_size=&#8220;3&#8243; column_width_percent=&#8220;100&#8243; shift_y=&#8220;0&#8243; z_index=&#8220;1&#8243; top_divider=&#8220;gradient&#8220; bottom_divider=&#8220;gradient&#8220; content_parallax=&#8220;0&#8243; uncode_shortcode_id=&#8220;185306&#8243; back_color_type=&#8220;uncode-palette&#8220;][vc_column column_width_percent=&#8220;100&#8243; gutter_size=&#8220;4&#8243; overlay_alpha=&#8220;50&#8243; shift_x=&#8220;0&#8243; shift_y=&#8220;0&#8243; shift_y_down=&#8220;0&#8243; z_index=&#8220;0&#8243; medium_width=&#8220;0&#8243; mobile_width=&#8220;0&#8243; width=&#8220;1\/1&#8243;][vc_row_inner row_inner_height_percent=&#8220;0&#8243; overlay_alpha=&#8220;50&#8243; equal_height=&#8220;yes&#8220; gutter_size=&#8220;4&#8243; shift_y=&#8220;0&#8243; z_index=&#8220;0&#8243;][vc_column_inner column_width_percent=&#8220;100&#8243; gutter_size=&#8220;3&#8243; style=&#8220;dark&#8220; overlay_alpha=&#8220;50&#8243; radius=&#8220;sm&#8220; shift_x=&#8220;0&#8243; shift_y=&#8220;0&#8243; shift_y_down=&#8220;0&#8243; z_index=&#8220;0&#8243; medium_width=&#8220;3&#8243; mobile_width=&#8220;0&#8243; width=&#8220;1\/3&#8243;][vc_icon position=&#8220;left&#8220; title_aligned_icon=&#8220;yes&#8220; icon=&#8220;fa fa-adjustments&#8220; icon_color=&#8220;accent&#8220; size=&#8220;fa-3x&#8220; text_size=&#8220;h4&#8243; add_margin=&#8220;yes&#8220; title=&#8220;Feature one&#8220; link=&#8220;|||&#8220;]Change the color to match your brand or vision, add your logo and more.[\/vc_icon][\/vc_column_inner][vc_column_inner column_width_percent=&#8220;100&#8243; gutter_size=&#8220;3&#8243; style=&#8220;dark&#8220; overlay_alpha=&#8220;50&#8243; radius=&#8220;sm&#8220; shift_x=&#8220;0&#8243; shift_y=&#8220;0&#8243; shift_y_down=&#8220;0&#8243; z_index=&#8220;0&#8243; medium_width=&#8220;3&#8243; mobile_width=&#8220;0&#8243; width=&#8220;1\/3&#8243;][vc_icon position=&#8220;left&#8220; title_aligned_icon=&#8220;yes&#8220; icon=&#8220;fa fa-flag2&#8243; icon_color=&#8220;accent&#8220; size=&#8220;fa-3x&#8220; text_size=&#8220;h4&#8243; add_margin=&#8220;yes&#8220; title=&#8220;Feature two&#8220; link=&#8220;|||&#8220;]Change the color to match your brand or vision, add your logo and more.[\/vc_icon][\/vc_column_inner][vc_column_inner column_width_percent=&#8220;100&#8243; gutter_size=&#8220;3&#8243; style=&#8220;dark&#8220; overlay_alpha=&#8220;50&#8243; radius=&#8220;sm&#8220; shift_x=&#8220;0&#8243; shift_y=&#8220;0&#8243; shift_y_down=&#8220;0&#8243; z_index=&#8220;0&#8243; medium_width=&#8220;3&#8243; mobile_width=&#8220;0&#8243; width=&#8220;1\/3&#8243; link_to=&#8220;|||&#8220;][vc_icon position=&#8220;left&#8220; title_aligned_icon=&#8220;yes&#8220; icon=&#8220;fa fa-trophy2&#8243; icon_color=&#8220;accent&#8220; size=&#8220;fa-3x&#8220; text_size=&#8220;h4&#8243; add_margin=&#8220;yes&#8220; title=&#8220;Feature three&#8220; link=&#8220;|||&#8220;]Change the color to match your brand or vision, add your logo and more.[\/vc_icon][\/vc_column_inner][\/vc_row_inner][vc_row_inner row_inner_height_percent=&#8220;0&#8243; overlay_alpha=&#8220;50&#8243; equal_height=&#8220;yes&#8220; gutter_size=&#8220;4&#8243; shift_y=&#8220;0&#8243; z_index=&#8220;0&#8243;][vc_column_inner column_width_percent=&#8220;100&#8243; gutter_size=&#8220;3&#8243; style=&#8220;dark&#8220; overlay_alpha=&#8220;50&#8243; radius=&#8220;sm&#8220; shift_x=&#8220;0&#8243; shift_y=&#8220;0&#8243; shift_y_down=&#8220;0&#8243; z_index=&#8220;0&#8243; medium_width=&#8220;3&#8243; mobile_width=&#8220;0&#8243; width=&#8220;1\/3&#8243;][vc_icon position=&#8220;left&#8220; title_aligned_icon=&#8220;yes&#8220; icon=&#8220;fa fa-globe2&#8243; icon_color=&#8220;accent&#8220; size=&#8220;fa-3x&#8220; text_size=&#8220;h4&#8243; add_margin=&#8220;yes&#8220; title=&#8220;Feature four&#8220; link=&#8220;|||&#8220;]Change the color to match your brand or vision, add your logo and more.[\/vc_icon][\/vc_column_inner][vc_column_inner column_width_percent=&#8220;100&#8243; gutter_size=&#8220;3&#8243; style=&#8220;dark&#8220; overlay_alpha=&#8220;50&#8243; radius=&#8220;sm&#8220; shift_x=&#8220;0&#8243; shift_y=&#8220;0&#8243; shift_y_down=&#8220;0&#8243; z_index=&#8220;0&#8243; medium_width=&#8220;3&#8243; mobile_width=&#8220;0&#8243; width=&#8220;1\/3&#8243;][vc_icon position=&#8220;left&#8220; title_aligned_icon=&#8220;yes&#8220; icon=&#8220;fa fa-beaker&#8220; icon_color=&#8220;accent&#8220; size=&#8220;fa-3x&#8220; text_size=&#8220;h4&#8243; add_margin=&#8220;yes&#8220; title=&#8220;Feature five&#8220; link=&#8220;|||&#8220;]Change the color to match your brand or vision, add your logo and more.[\/vc_icon][\/vc_column_inner][vc_column_inner column_width_percent=&#8220;100&#8243; gutter_size=&#8220;3&#8243; style=&#8220;dark&#8220; overlay_alpha=&#8220;50&#8243; radius=&#8220;sm&#8220; shift_x=&#8220;0&#8243; shift_y=&#8220;0&#8243; shift_y_down=&#8220;0&#8243; z_index=&#8220;0&#8243; medium_width=&#8220;3&#8243; mobile_width=&#8220;0&#8243; width=&#8220;1\/3&#8243; link_to=&#8220;|||&#8220;][vc_icon position=&#8220;left&#8220; title_aligned_icon=&#8220;yes&#8220; icon=&#8220;fa fa-global&#8220; icon_color=&#8220;accent&#8220; size=&#8220;fa-3x&#8220; text_size=&#8220;h4&#8243; add_margin=&#8220;yes&#8220; title=&#8220;Feature six&#8220; link=&#8220;|||&#8220;]Change the color to match your brand or vision, add your logo and more.[\/vc_icon][\/vc_column_inner][\/vc_row_inner][\/vc_column][\/vc_row][vc_row row_height_percent=&#8220;0&#8243; override_padding=&#8220;yes&#8220; h_padding=&#8220;1&#8243; top_padding=&#8220;3&#8243; bottom_padding=&#8220;3&#8243; back_color=&#8220;color-gyho&#8220; overlay_alpha=&#8220;50&#8243; gutter_size=&#8220;5&#8243; column_width_use_pixel=&#8220;yes&#8220; shift_y=&#8220;0&#8243; z_index=&#8220;0&#8243; content_parallax=&#8220;0&#8243; uncode_shortcode_id=&#8220;579411&#8243; back_color_type=&#8220;uncode-palette&#8220; column_width_pixel=&#8220;1400&#8243;][vc_column column_width_percent=&#8220;100&#8243; align_horizontal=&#8220;align_center&#8220; gutter_size=&#8220;4&#8243; overlay_alpha=&#8220;50&#8243; shift_x=&#8220;0&#8243; shift_y=&#8220;0&#8243; shift_y_down=&#8220;0&#8243; z_index=&#8220;0&#8243; medium_width=&#8220;5&#8243; mobile_width=&#8220;0&#8243; width=&#8220;1\/1&#8243; uncode_shortcode_id=&#8220;202486&#8243;][vc_custom_heading heading_semantic=&#8220;h4&#8243; text_font=&#8220;font-165032&#8243; text_size=&#8220;custom&#8220; text_weight=&#8220;200&#8243; text_space=&#8220;fontspace-781688&#8243; css_animation=&#8220;text-reveal&#8220; text_reveal_target=&#8220;chars&#8220; text_reveal_opacity=&#8220;30&#8243; text_reveal_speed=&#8220;100&#8243; text_reveal_top=&#8220;80&#8243; uncode_shortcode_id=&#8220;805521&#8243; heading_custom_size=&#8220;clamp(24px,5vw,70px)&#8220;]<\/p>\n<p data-start=\"314\" data-end=\"636\">Wir legen grossen Wert auf nachhaltige Artikel und eine verantwortungsvolle Produktion. Bereits ab einem St\u00fcck k\u00f6nnen individuelle Designs umgesetzt werden. Klare Prozesse und zuverl\u00e4ssige Qualit\u00e4t im Hintergrund sorgen daf\u00fcr, dass aus einer Idee schnell ein fertiges Produkt entsteht \u2013 genau dann, wenn es gebraucht wird.<\/p>\n<p>[\/vc_custom_heading][\/vc_column][\/vc_row]<\/p>\n<\/div>","protected":false},"excerpt":{"rendered":"<p>[vc_row row_height_percent=&#8220;50&#8243; override_padding=&#8220;yes&#8220; h_padding=&#8220;3&#8243; top_padding=&#8220;2&#8243; bottom_padding=&#8220;4&#8243; back_color=&#8220;color-xsdn&#8220; parallax=&#8220;yes&#8220; overlay_color=&#8220;color-xsdn&#8220; overlay_alpha=&#8220;90&#8243; gutter_size=&#8220;3&#8243; column_width_percent=&#8220;100&#8243; shift_y=&#8220;0&#8243; z_index=&#8220;0&#8243; content_parallax=&#8220;0&#8243; uncode_shortcode_id=&#8220;452805&#8243; back_color_type=&#8220;uncode-palette&#8220; overlay_color_type=&#8220;uncode-palette&#8220;][vc_column column_width_percent=&#8220;100&#8243; position_vertical=&#8220;middle&#8220; [&hellip;]<\/p>\n","protected":false},"author":1,"featured_media":0,"parent":0,"menu_order":0,"comment_status":"closed","ping_status":"closed","template":"","meta":{"footnotes":""},"class_list":["post-161150","page","type-page","status-publish","hentry"],"_links":{"self":[{"href":"https:\/\/kutaceqe.cyon.site\/index.php\/wp-json\/wp\/v2\/pages\/161150","targetHints":{"allow":["GET"]}}],"collection":[{"href":"https:\/\/kutaceqe.cyon.site\/index.php\/wp-json\/wp\/v2\/pages"}],"about":[{"href":"https:\/\/kutaceqe.cyon.site\/index.php\/wp-json\/wp\/v2\/types\/page"}],"author":[{"embeddable":true,"href":"https:\/\/kutaceqe.cyon.site\/index.php\/wp-json\/wp\/v2\/users\/1"}],"replies":[{"embeddable":true,"href":"https:\/\/kutaceqe.cyon.site\/index.php\/wp-json\/wp\/v2\/comments?post=161150"}],"version-history":[{"count":16,"href":"https:\/\/kutaceqe.cyon.site\/index.php\/wp-json\/wp\/v2\/pages\/161150\/revisions"}],"predecessor-version":[{"id":173239,"href":"https:\/\/kutaceqe.cyon.site\/index.php\/wp-json\/wp\/v2\/pages\/161150\/revisions\/173239"}],"wp:attachment":[{"href":"https:\/\/kutaceqe.cyon.site\/index.php\/wp-json\/wp\/v2\/media?parent=161150"}],"curies":[{"name":"wp","href":"https:\/\/api.w.org\/{rel}","templated":true}]}}