{"id":161436,"date":"2026-01-20T11:14:46","date_gmt":"2026-01-20T10:14:46","guid":{"rendered":"https:\/\/monkeyprint.ch\/?page_id=161436"},"modified":"2026-01-20T11:30:08","modified_gmt":"2026-01-20T10:30:08","slug":"versand-retouren","status":"publish","type":"page","link":"https:\/\/kutaceqe.cyon.site\/index.php\/versand-retouren\/","title":{"rendered":"Versand &#038; Retouren"},"content":{"rendered":"<div class=\"wpb-content-wrapper\"><p>[vc_row row_height_percent=&#8220;50&#8243; override_padding=&#8220;yes&#8220; h_padding=&#8220;3&#8243; top_padding=&#8220;1&#8243; bottom_padding=&#8220;1&#8243; back_color=&#8220;color-xsdn&#8220; parallax=&#8220;yes&#8220; overlay_color=&#8220;color-xsdn&#8220; overlay_alpha=&#8220;90&#8243; gutter_size=&#8220;3&#8243; column_width_percent=&#8220;100&#8243; shift_y=&#8220;0&#8243; z_index=&#8220;0&#8243; bottom_divider=&#8220;tilt&#8220; content_parallax=&#8220;0&#8243; uncode_shortcode_id=&#8220;877678&#8243; back_color_type=&#8220;uncode-palette&#8220; overlay_color_type=&#8220;uncode-palette&#8220;][vc_column column_width_percent=&#8220;100&#8243; position_vertical=&#8220;middle&#8220; align_horizontal=&#8220;align_center&#8220; gutter_size=&#8220;3&#8243; overlay_alpha=&#8220;50&#8243; shift_x=&#8220;0&#8243; shift_y=&#8220;0&#8243; shift_y_down=&#8220;0&#8243; z_index=&#8220;0&#8243; medium_width=&#8220;0&#8243; mobile_width=&#8220;0&#8243; width=&#8220;1\/1&#8243;][vc_empty_space custom=&#8220;yes&#8220; desktop_visibility=&#8220;yes&#8220; medium_visibility=&#8220;yes&#8220; custom_height=&#8220;30px&#8220;][vc_custom_heading text_color=&#8220;accent&#8220; heading_semantic=&#8220;h6&#8243; text_size=&#8220;fontsize-160000&#8243; text_transform=&#8220;uppercase&#8220; text_space=&#8220;fontspace-135905&#8243; uncode_shortcode_id=&#8220;318386&#8243; text_color_type=&#8220;uncode-palette&#8220;]WIE &#8211; WO &#8211; WAS?[\/vc_custom_heading][vc_custom_heading text_size=&#8220;fontsize-445851&#8243; uncode_shortcode_id=&#8220;193650&#8243;]Unser Versand &amp; deine Retouren[\/vc_custom_heading][vc_empty_space custom=&#8220;yes&#8220; desktop_visibility=&#8220;yes&#8220; medium_visibility=&#8220;yes&#8220; custom_height=&#8220;40px&#8220;][\/vc_column][\/vc_row][vc_row row_height_percent=&#8220;0&#8243; override_padding=&#8220;yes&#8220; h_padding=&#8220;2&#8243; top_padding=&#8220;5&#8243; bottom_padding=&#8220;3&#8243; back_color=&#8220;color-gyho&#8220; overlay_alpha=&#8220;100&#8243; gutter_size=&#8220;3&#8243; column_width_percent=&#8220;100&#8243; shift_y=&#8220;0&#8243; z_index=&#8220;0&#8243; enable_top_divider=&#8220;default&#8220; top_divider_inv=&#8220;tilt&#8220; shape_top_invert=&#8220;yes&#8220; shape_top_h_use_pixel=&#8220;&#8220; shape_top_height=&#8220;80&#8243; shape_top_opacity=&#8220;100&#8243; shape_top_index=&#8220;0&#8243; bottom_divider=&#8220;tilt&#8220; content_parallax=&#8220;0&#8243; row_height_use_pixel=&#8220;&#8220; uncode_shortcode_id=&#8220;118589&#8243; back_color_type=&#8220;uncode-palette&#8220;][vc_column column_width_percent=&#8220;100&#8243; gutter_size=&#8220;3&#8243; overlay_alpha=&#8220;50&#8243; shift_x=&#8220;0&#8243; shift_y=&#8220;0&#8243; shift_y_down=&#8220;0&#8243; z_index=&#8220;0&#8243; medium_width=&#8220;0&#8243; mobile_width=&#8220;0&#8243; zoom_width=&#8220;0&#8243; zoom_height=&#8220;0&#8243; uncode_shortcode_id=&#8220;236984&#8243;][vc_custom_heading uncode_shortcode_id=&#8220;645141&#8243;]Versandkosten[\/vc_custom_heading][vc_column_text text_lead=&#8220;yes&#8220; uncode_shortcode_id=&#8220;211631&#8243; css=&#8220;.vc_custom_1768904607614{padding-bottom: 10px !important;}&#8220;]Die Versandkosten betragen innerhalb der Schweiz CHF 7.90 pro Bestellung. Der Versand innerhalb der Schweiz ist ab einem Bestellwert von CHF 150 kostenlos.[\/vc_column_text][vc_custom_heading uncode_shortcode_id=&#8220;520855&#8243;]Dauer[\/vc_custom_heading][vc_column_text text_lead=&#8220;yes&#8220; uncode_shortcode_id=&#8220;138147&#8243; css=&#8220;.vc_custom_1768904597786{padding-bottom: 10px !important;}&#8220;]<\/p>\n<p data-start=\"106\" data-end=\"226\">Unsere Lieferzeit betr\u00e4gt in der Regel 7 bis 10 Arbeitstage, da deine Produkte individuell f\u00fcr dich produziert werden.<\/p>\n<p data-start=\"228\" data-end=\"403\">Wenn du es eilig hast, bieten wir f\u00fcr ausgew\u00e4hlte Artikel auch einen Expressversand an. In diesem Fall trifft deine Bestellung bereits nach 2 bis 3 Arbeitstagen bei dir ein.<\/p>\n<p data-start=\"405\" data-end=\"668\">Du kannst dich jederzeit \u00fcber unser Kontaktformular nach dem aktuellen Lieferstatus erkundigen. Wir geben t\u00e4glich unser Bestes, damit deine Bestellung so schnell wie m\u00f6glich bei dir ankommt. Und nicht vergessen: Vorfreude ist ja bekanntlich die sch\u00f6nste Freude.<\/p>\n<p>[\/vc_column_text][vc_custom_heading uncode_shortcode_id=&#8220;818325&#8243;]R\u00fcckgaberecht[\/vc_custom_heading][vc_column_text text_lead=&#8220;yes&#8220; uncode_shortcode_id=&#8220;184305&#8243; css=&#8220;.vc_custom_1768904616250{padding-bottom: 10px !important;}&#8220;]Individuell gestaltete Textilien werden speziell f\u00fcr dich produziert und k\u00f6nnen deshalb leider nicht umgetauscht oder zur\u00fcckgegeben werden. Unsere Standard-Styles ohne Personalisierung kannst du jedoch selbstverst\u00e4ndlich zur\u00fccksenden oder umtauschen. Sollte ein Produkt einen Produktionsfehler aufweisen oder besch\u00e4digt bei dir ankommen, k\u00fcmmern wir uns nat\u00fcrlich um eine L\u00f6sung f\u00fcr dich.[\/vc_column_text][vc_custom_heading uncode_shortcode_id=&#8220;157244&#8243;]Versand &amp; Zollgeb\u00fchren[\/vc_custom_heading][vc_column_text text_lead=&#8220;yes&#8220; uncode_shortcode_id=&#8220;137902&#8243; css=&#8220;.vc_custom_1768904625466{padding-bottom: 10px !important;}&#8220;]MONKEYPRINT ist ein Berner Unternehmen. Die Idee sowie die Vision entstanden wenige Kilometer entfernt vom Berner \u201cB\u00e4rengraben\u201d. Aus diesem Grund ist es uns wichtig, dass der Druck sowie die Lieferung innerhalb der Schweiz durchgef\u00fchrt werden. Das bedeutet, Bestellungen innerhalb der Schweiz sind keiner Zollgeb\u00fchr unterzogen.<\/p>\n<p>Bei internationalen Bestellungen kann eine zus\u00e4tzliche Zoll- und Steuergeb\u00fchr anfallen. Diese Geb\u00fchr liegt nicht in der Kontrolle von ONEBEAR und wird von deinem \u00f6rtlichen Zollamt festgesetzt. Die Zollbestimmungen sind von Land zu Land sehr unterschiedlich. Bitte erkundige dich daher direkt bei deinem \u00f6rtlichen Zollamt, ob dort Z\u00f6lle und Steuern auf deinen Eink\u00e4ufen erhoben werden.<\/p>\n<p>Falls du weitere Fragen zu diesem Thema hast, steht dir MONKEYPRINT jederzeit gerne \u00fcber unser&nbsp;<a href=\"https:\/\/monkeyprint.ch\/kontakt\/\">Kontaktformular<\/a>&nbsp;zur Verf\u00fcgung.[\/vc_column_text][\/vc_column][\/vc_row][vc_row row_height_percent=&#8220;0&#8243; override_padding=&#8220;yes&#8220; h_padding=&#8220;1&#8243; top_padding=&#8220;3&#8243; bottom_padding=&#8220;3&#8243; back_color=&#8220;color-lxmt&#8220; overlay_alpha=&#8220;50&#8243; gutter_size=&#8220;5&#8243; column_width_use_pixel=&#8220;yes&#8220; shift_y=&#8220;0&#8243; z_index=&#8220;0&#8243; content_parallax=&#8220;0&#8243; uncode_shortcode_id=&#8220;913232&#8243; back_color_type=&#8220;uncode-palette&#8220; column_width_pixel=&#8220;1400&#8243;][vc_column column_width_percent=&#8220;100&#8243; align_horizontal=&#8220;align_center&#8220; gutter_size=&#8220;4&#8243; overlay_alpha=&#8220;50&#8243; shift_x=&#8220;0&#8243; shift_y=&#8220;0&#8243; shift_y_down=&#8220;0&#8243; z_index=&#8220;0&#8243; medium_width=&#8220;5&#8243; mobile_width=&#8220;0&#8243; width=&#8220;1\/1&#8243; uncode_shortcode_id=&#8220;202486&#8243;][vc_custom_heading heading_semantic=&#8220;h4&#8243; text_font=&#8220;font-165032&#8243; text_size=&#8220;custom&#8220; text_weight=&#8220;200&#8243; text_space=&#8220;fontspace-781688&#8243; css_animation=&#8220;text-reveal&#8220; text_reveal_target=&#8220;chars&#8220; text_reveal_opacity=&#8220;30&#8243; text_reveal_speed=&#8220;100&#8243; text_reveal_top=&#8220;80&#8243; uncode_shortcode_id=&#8220;805521&#8243; heading_custom_size=&#8220;clamp(24px,5vw,70px)&#8220;]<\/p>\n<p data-start=\"314\" data-end=\"636\">Wir legen grossen Wert auf nachhaltige Artikel und eine verantwortungsvolle Produktion. Bereits ab einem St\u00fcck k\u00f6nnen individuelle Designs umgesetzt werden. Klare Prozesse und zuverl\u00e4ssige Qualit\u00e4t im Hintergrund sorgen daf\u00fcr, dass aus einer Idee schnell ein fertiges Produkt entsteht \u2013 genau dann, wenn es gebraucht wird.<\/p>\n<p>[\/vc_custom_heading][\/vc_column][\/vc_row][vc_row unlock_row_content=&#8220;yes&#8220; row_height_percent=&#8220;0&#8243; override_padding=&#8220;yes&#8220; h_padding=&#8220;3&#8243; top_padding=&#8220;5&#8243; bottom_padding=&#8220;5&#8243; back_color=&#8220;color-xsdn&#8220; overlay_alpha=&#8220;50&#8243; gutter_size=&#8220;2&#8243; column_width_use_pixel=&#8220;yes&#8220; shift_y=&#8220;0&#8243; z_index=&#8220;0&#8243; uncode_shortcode_id=&#8220;170712&#8243; back_color_type=&#8220;uncode-palette&#8220; column_width_pixel=&#8220;1600&#8243;][vc_column column_width_percent=&#8220;100&#8243; align_horizontal=&#8220;align_center&#8220; gutter_size=&#8220;5&#8243; overlay_alpha=&#8220;50&#8243; shift_x=&#8220;0&#8243; shift_y=&#8220;0&#8243; shift_y_down=&#8220;0&#8243; z_index=&#8220;0&#8243; medium_width=&#8220;0&#8243; mobile_width=&#8220;0&#8243; css_animation=&#8220;alpha-anim&#8220; animation_speed=&#8220;1600&#8243; width=&#8220;1\/1&#8243; uncode_shortcode_id=&#8220;110406&#8243;][vc_row_inner row_inner_height_percent=&#8220;0&#8243; overlay_alpha=&#8220;50&#8243; gutter_size=&#8220;5&#8243; shift_y=&#8220;0&#8243; z_index=&#8220;0&#8243; limit_content=&#8220;&#8220; uncode_shortcode_id=&#8220;594214&#8243;][vc_column_inner column_width_percent=&#8220;100&#8243; position_vertical=&#8220;bottom&#8220; gutter_size=&#8220;3&#8243; overlay_alpha=&#8220;50&#8243; shift_x=&#8220;0&#8243; shift_y=&#8220;0&#8243; shift_y_down=&#8220;0&#8243; z_index=&#8220;0&#8243; medium_width=&#8220;4&#8243; mobile_width=&#8220;0&#8243; width=&#8220;1\/4&#8243; uncode_shortcode_id=&#8220;761701&#8243; el_class=&#8220;rotate-minus-beta&#8220;][uncode_index el_id=&#8220;index-581094100-544-709-453&#8243; index_type=&#8220;css_grid&#8220; loop=&#8220;size:1|order_by:ID|order:ASC|post_type:post|taxonomy_count:10&#8243; grid_items=&#8220;1&#8243; screen_lg_items=&#8220;1&#8243; screen_lg_breakpoint=&#8220;1000&#8243; screen_md_items=&#8220;2&#8243; screen_md_breakpoint=&#8220;600&#8243; screen_sm_items=&#8220;1&#8243; screen_sm_breakpoint=&#8220;480&#8243; gutter_size=&#8220;4&#8243; css_grid_v_align=&#8220;middle&#8220; post_items=&#8220;media|featured|onpost|poster,date,title,text|excerpt|140&#8243; portfolio_items=&#8220;media|featured|onpost|original,title|-,text|excerpt&#8220; css_grid_images_size=&#8220;five-four&#8220; single_overlay_opacity=&#8220;10&#8243; single_text_visible=&#8220;yes&#8220; single_text_anim=&#8220;no&#8220; single_image_anim=&#8220;no&#8220; single_padding=&#8220;1&#8243; single_title_dimension=&#8220;h3&#8243; single_title_weight=&#8220;800&#8243; single_meta_custom_typo=&#8220;yes&#8220; single_meta_size=&#8220;large&#8220; single_border=&#8220;yes&#8220; uncode_shortcode_id=&#8220;984573&#8243;][\/vc_column_inner][vc_column_inner column_width_percent=&#8220;100&#8243; position_vertical=&#8220;middle&#8220; gutter_size=&#8220;3&#8243; overlay_alpha=&#8220;50&#8243; shift_x=&#8220;0&#8243; shift_y=&#8220;0&#8243; shift_y_down=&#8220;0&#8243; z_index=&#8220;0&#8243; medium_width=&#8220;4&#8243; mobile_width=&#8220;0&#8243; width=&#8220;1\/4&#8243; uncode_shortcode_id=&#8220;436869&#8243; el_class=&#8220;rotate-plus-beta&#8220;][uncode_index el_id=&#8220;index-581094100-544-709-453&#8243; index_type=&#8220;css_grid&#8220; loop=&#8220;size:1|order_by:date|post_type:post|taxonomy_count:10&#8243; grid_items=&#8220;1&#8243; screen_lg_items=&#8220;1&#8243; screen_lg_breakpoint=&#8220;1000&#8243; screen_md_items=&#8220;1&#8243; screen_md_breakpoint=&#8220;600&#8243; screen_sm_items=&#8220;1&#8243; screen_sm_breakpoint=&#8220;480&#8243; gutter_size=&#8220;4&#8243; css_grid_v_align=&#8220;middle&#8220; post_items=&#8220;media|featured|onpost|poster,date,title,text|excerpt|140&#8243; css_grid_images_size=&#8220;three-two&#8220; single_overlay_opacity=&#8220;10&#8243; single_text_visible=&#8220;yes&#8220; single_text_anim=&#8220;no&#8220; single_image_anim=&#8220;no&#8220; single_padding=&#8220;1&#8243; single_title_dimension=&#8220;h3&#8243; single_title_weight=&#8220;800&#8243; single_meta_custom_typo=&#8220;yes&#8220; single_meta_size=&#8220;large&#8220; single_border=&#8220;yes&#8220; uncode_shortcode_id=&#8220;123141&#8243; offset=&#8220;1&#8243;][\/vc_column_inner][vc_column_inner column_width_percent=&#8220;100&#8243; position_vertical=&#8220;middle&#8220; gutter_size=&#8220;3&#8243; overlay_alpha=&#8220;50&#8243; shift_x=&#8220;0&#8243; shift_y=&#8220;0&#8243; shift_y_down=&#8220;0&#8243; z_index=&#8220;0&#8243; medium_width=&#8220;4&#8243; mobile_width=&#8220;0&#8243; width=&#8220;1\/4&#8243; uncode_shortcode_id=&#8220;854062&#8243; el_class=&#8220;rotate-minus-beta&#8220;][uncode_index el_id=&#8220;index-581094100-544-709-453&#8243; index_type=&#8220;css_grid&#8220; loop=&#8220;size:1|order_by:date|post_type:post|taxonomy_count:10&#8243; grid_items=&#8220;1&#8243; screen_lg_items=&#8220;1&#8243; screen_lg_breakpoint=&#8220;1000&#8243; screen_md_items=&#8220;1&#8243; screen_md_breakpoint=&#8220;600&#8243; screen_sm_items=&#8220;1&#8243; screen_sm_breakpoint=&#8220;480&#8243; gutter_size=&#8220;4&#8243; css_grid_v_align=&#8220;middle&#8220; post_items=&#8220;media|featured|onpost|poster,date,title,text|excerpt|140&#8243; css_grid_images_size=&#8220;five-four&#8220; single_overlay_opacity=&#8220;10&#8243; single_text_visible=&#8220;yes&#8220; single_text_anim=&#8220;no&#8220; single_image_anim=&#8220;no&#8220; single_padding=&#8220;1&#8243; single_title_dimension=&#8220;h3&#8243; single_title_weight=&#8220;800&#8243; single_meta_custom_typo=&#8220;yes&#8220; single_meta_size=&#8220;large&#8220; single_border=&#8220;yes&#8220; uncode_shortcode_id=&#8220;192213&#8243; offset=&#8220;2&#8243;][\/vc_column_inner][vc_column_inner column_width_percent=&#8220;100&#8243; gutter_size=&#8220;3&#8243; overlay_alpha=&#8220;50&#8243; shift_x=&#8220;0&#8243; shift_y=&#8220;0&#8243; shift_y_down=&#8220;0&#8243; z_index=&#8220;0&#8243; medium_width=&#8220;4&#8243; mobile_width=&#8220;0&#8243; width=&#8220;1\/4&#8243; uncode_shortcode_id=&#8220;254930&#8243; el_class=&#8220;rotate-plus-beta&#8220;][uncode_index el_id=&#8220;index-581094100-544-709-453&#8243; index_type=&#8220;css_grid&#8220; loop=&#8220;size:1|order_by:date|post_type:post|taxonomy_count:10&#8243; grid_items=&#8220;1&#8243; screen_lg_items=&#8220;1&#8243; screen_lg_breakpoint=&#8220;1000&#8243; screen_md_items=&#8220;1&#8243; screen_md_breakpoint=&#8220;600&#8243; screen_sm_items=&#8220;1&#8243; screen_sm_breakpoint=&#8220;480&#8243; gutter_size=&#8220;4&#8243; css_grid_v_align=&#8220;middle&#8220; post_items=&#8220;media|featured|onpost|poster,date,title,text|excerpt|140&#8243; css_grid_images_size=&#8220;four-three&#8220; single_overlay_opacity=&#8220;10&#8243; single_text_visible=&#8220;yes&#8220; single_text_anim=&#8220;no&#8220; single_image_anim=&#8220;no&#8220; single_padding=&#8220;1&#8243; single_title_dimension=&#8220;h3&#8243; single_title_weight=&#8220;800&#8243; single_meta_custom_typo=&#8220;yes&#8220; single_meta_size=&#8220;large&#8220; single_border=&#8220;yes&#8220; uncode_shortcode_id=&#8220;148388&#8243; offset=&#8220;3&#8243;][\/vc_column_inner][\/vc_row_inner][\/vc_column][\/vc_row]<\/p>\n<\/div>","protected":false},"excerpt":{"rendered":"<p>[vc_row row_height_percent=&#8220;50&#8243; override_padding=&#8220;yes&#8220; h_padding=&#8220;3&#8243; top_padding=&#8220;1&#8243; bottom_padding=&#8220;1&#8243; back_color=&#8220;color-xsdn&#8220; parallax=&#8220;yes&#8220; overlay_color=&#8220;color-xsdn&#8220; overlay_alpha=&#8220;90&#8243; gutter_size=&#8220;3&#8243; column_width_percent=&#8220;100&#8243; shift_y=&#8220;0&#8243; z_index=&#8220;0&#8243; bottom_divider=&#8220;tilt&#8220; content_parallax=&#8220;0&#8243; uncode_shortcode_id=&#8220;877678&#8243; back_color_type=&#8220;uncode-palette&#8220; overlay_color_type=&#8220;uncode-palette&#8220;][vc_column column_width_percent=&#8220;100&#8243; [&hellip;]<\/p>\n","protected":false},"author":1,"featured_media":0,"parent":0,"menu_order":0,"comment_status":"closed","ping_status":"closed","template":"","meta":{"footnotes":""},"class_list":["post-161436","page","type-page","status-publish","hentry"],"_links":{"self":[{"href":"https:\/\/kutaceqe.cyon.site\/index.php\/wp-json\/wp\/v2\/pages\/161436","targetHints":{"allow":["GET"]}}],"collection":[{"href":"https:\/\/kutaceqe.cyon.site\/index.php\/wp-json\/wp\/v2\/pages"}],"about":[{"href":"https:\/\/kutaceqe.cyon.site\/index.php\/wp-json\/wp\/v2\/types\/page"}],"author":[{"embeddable":true,"href":"https:\/\/kutaceqe.cyon.site\/index.php\/wp-json\/wp\/v2\/users\/1"}],"replies":[{"embeddable":true,"href":"https:\/\/kutaceqe.cyon.site\/index.php\/wp-json\/wp\/v2\/comments?post=161436"}],"version-history":[{"count":5,"href":"https:\/\/kutaceqe.cyon.site\/index.php\/wp-json\/wp\/v2\/pages\/161436\/revisions"}],"predecessor-version":[{"id":161445,"href":"https:\/\/kutaceqe.cyon.site\/index.php\/wp-json\/wp\/v2\/pages\/161436\/revisions\/161445"}],"wp:attachment":[{"href":"https:\/\/kutaceqe.cyon.site\/index.php\/wp-json\/wp\/v2\/media?parent=161436"}],"curies":[{"name":"wp","href":"https:\/\/api.w.org\/{rel}","templated":true}]}}