{"id":171772,"date":"2026-02-02T12:50:56","date_gmt":"2026-02-02T11:50:56","guid":{"rendered":"https:\/\/monkeyprint.ch\/?page_id=171772"},"modified":"2026-04-07T13:00:07","modified_gmt":"2026-04-07T11:00:07","slug":"impressum","status":"publish","type":"page","link":"https:\/\/kutaceqe.cyon.site\/index.php\/impressum\/","title":{"rendered":"Impressum"},"content":{"rendered":"<div class=\"wpb-content-wrapper\"><p>[vc_row row_height_percent=&#8220;30&#8243; override_padding=&#8220;yes&#8220; h_padding=&#8220;3&#8243; top_padding=&#8220;1&#8243; bottom_padding=&#8220;1&#8243; back_color=&#8220;color-xsdn&#8220; parallax=&#8220;yes&#8220; overlay_color=&#8220;color-xsdn&#8220; overlay_alpha=&#8220;90&#8243; gutter_size=&#8220;3&#8243; column_width_percent=&#8220;100&#8243; shift_y=&#8220;0&#8243; z_index=&#8220;0&#8243; bottom_divider=&#8220;tilt&#8220; content_parallax=&#8220;0&#8243; uncode_shortcode_id=&#8220;214456&#8243; back_color_type=&#8220;uncode-palette&#8220; overlay_color_type=&#8220;uncode-palette&#8220;][vc_column column_width_percent=&#8220;100&#8243; position_vertical=&#8220;middle&#8220; align_horizontal=&#8220;align_center&#8220; gutter_size=&#8220;3&#8243; overlay_alpha=&#8220;50&#8243; shift_x=&#8220;0&#8243; shift_y=&#8220;0&#8243; shift_y_down=&#8220;0&#8243; z_index=&#8220;0&#8243; medium_width=&#8220;0&#8243; mobile_width=&#8220;0&#8243; width=&#8220;1\/1&#8243;][vc_empty_space custom=&#8220;yes&#8220; desktop_visibility=&#8220;yes&#8220; medium_visibility=&#8220;yes&#8220; custom_height=&#8220;30px&#8220;][vc_custom_heading text_color=&#8220;accent&#8220; heading_semantic=&#8220;h6&#8243; text_size=&#8220;fontsize-160000&#8243; text_transform=&#8220;uppercase&#8220; text_space=&#8220;fontspace-135905&#8243; uncode_shortcode_id=&#8220;151021&#8243; text_color_type=&#8220;uncode-palette&#8220;]Unsere Veredelung[\/vc_custom_heading][vc_custom_heading text_size=&#8220;fontsize-445851&#8243; uncode_shortcode_id=&#8220;188965&#8243;]Impressum[\/vc_custom_heading][vc_empty_space custom=&#8220;yes&#8220; desktop_visibility=&#8220;yes&#8220; medium_visibility=&#8220;yes&#8220; custom_height=&#8220;40px&#8220;][\/vc_column][\/vc_row][vc_row row_height_percent=&#8220;0&#8243; override_padding=&#8220;yes&#8220; h_padding=&#8220;2&#8243; top_padding=&#8220;5&#8243; bottom_padding=&#8220;3&#8243; back_color=&#8220;color-gyho&#8220; overlay_alpha=&#8220;100&#8243; gutter_size=&#8220;3&#8243; column_width_percent=&#8220;100&#8243; shift_y=&#8220;0&#8243; z_index=&#8220;0&#8243; enable_top_divider=&#8220;default&#8220; top_divider_inv=&#8220;tilt&#8220; shape_top_invert=&#8220;yes&#8220; shape_top_h_use_pixel=&#8220;&#8220; shape_top_height=&#8220;80&#8243; shape_top_opacity=&#8220;100&#8243; shape_top_index=&#8220;0&#8243; bottom_divider=&#8220;tilt&#8220; content_parallax=&#8220;0&#8243; row_height_use_pixel=&#8220;&#8220; uncode_shortcode_id=&#8220;982630&#8243; back_color_type=&#8220;uncode-palette&#8220;][vc_column column_width_percent=&#8220;100&#8243; gutter_size=&#8220;3&#8243; overlay_alpha=&#8220;50&#8243; shift_x=&#8220;0&#8243; shift_y=&#8220;0&#8243; shift_y_down=&#8220;0&#8243; z_index=&#8220;0&#8243; medium_width=&#8220;0&#8243; mobile_width=&#8220;0&#8243; zoom_width=&#8220;0&#8243; zoom_height=&#8220;0&#8243; uncode_shortcode_id=&#8220;243269&#8243;][vc_custom_heading uncode_shortcode_id=&#8220;182214&#8243;]Betreiber[\/vc_custom_heading][vc_column_text text_lead=&#8220;yes&#8220; uncode_shortcode_id=&#8220;609064&#8243; css=&#8220;.vc_custom_1775559603043{padding-bottom: 10px !important;}&#8220;]<strong>7-Druck GmbH<\/strong><br \/>\nRosenweg 36<br \/>\nCH-3007 Bern<\/p>\n<p>E-Mail: info@7-druck.com<\/p>\n<p>Handelsregisteramt Bern<br \/>\nUID-Nummer: CHE-213.206.061[\/vc_column_text][vc_custom_heading uncode_shortcode_id=&#8220;171691&#8243;]Haftungsausschluss[\/vc_custom_heading][vc_column_text text_lead=&#8220;yes&#8220; uncode_shortcode_id=&#8220;545611&#8243; css=&#8220;.vc_custom_1770033269248{padding-bottom: 10px !important;}&#8220;]Der Autor \u00fcbernimmt keinerlei Gew\u00e4hr hinsichtlich der inhaltlichen Richtigkeit, Genauigkeit, Aktualit\u00e4t, Zuverl\u00e4ssigkeit und Vollst\u00e4ndigkeit der Informationen.<\/p>\n<p>Haftungsanspr\u00fcche gegen den Autor wegen Sch\u00e4den materieller oder immaterieller Art, welche aus dem Zugriff oder der Nutzung bzw. Nichtnutzung der ver\u00f6ffentlichten Informationen, durch Missbrauch der Verbindung oder durch technische St\u00f6rungen entstanden sind, werden ausgeschlossen.<\/p>\n<p>Alle Angebote sind unverbindlich. Der Autor beh\u00e4lt es sich ausdr\u00fccklich vor, Teile der Seiten oder das gesamte Angebot ohne gesonderte Ank\u00fcndigung zu ver\u00e4ndern, zu erg\u00e4nzen, zu l\u00f6schen oder die Ver\u00f6ffentlichung zeitweise oder endg\u00fcltig einzustellen.[\/vc_column_text][vc_custom_heading uncode_shortcode_id=&#8220;128138&#8243;]Haftung f\u00fcr Links[\/vc_custom_heading][vc_column_text text_lead=&#8220;yes&#8220; uncode_shortcode_id=&#8220;446720&#8243; css=&#8220;.vc_custom_1770033294272{padding-bottom: 10px !important;}&#8220;]Verweise und Links auf Webseiten Dritter liegen ausserhalb unseres Verantwortungsbereichs. Es wird jegliche Verantwortung f\u00fcr solche Webseiten abgelehnt. Der Zugriff und die Nutzung solcher Webseiten erfolgen auf eigene Gefahr des Nutzers oder der Nutzerin.[\/vc_column_text][\/vc_column][\/vc_row][vc_row row_height_percent=&#8220;0&#8243; override_padding=&#8220;yes&#8220; h_padding=&#8220;1&#8243; top_padding=&#8220;3&#8243; bottom_padding=&#8220;3&#8243; back_color=&#8220;color-lxmt&#8220; overlay_alpha=&#8220;50&#8243; gutter_size=&#8220;5&#8243; column_width_use_pixel=&#8220;yes&#8220; shift_y=&#8220;0&#8243; z_index=&#8220;0&#8243; content_parallax=&#8220;0&#8243; uncode_shortcode_id=&#8220;913232&#8243; back_color_type=&#8220;uncode-palette&#8220; column_width_pixel=&#8220;1400&#8243;][vc_column column_width_percent=&#8220;100&#8243; align_horizontal=&#8220;align_center&#8220; gutter_size=&#8220;4&#8243; overlay_alpha=&#8220;50&#8243; shift_x=&#8220;0&#8243; shift_y=&#8220;0&#8243; shift_y_down=&#8220;0&#8243; z_index=&#8220;0&#8243; medium_width=&#8220;5&#8243; mobile_width=&#8220;0&#8243; width=&#8220;1\/1&#8243; uncode_shortcode_id=&#8220;202486&#8243;][vc_custom_heading heading_semantic=&#8220;h4&#8243; text_font=&#8220;font-165032&#8243; text_size=&#8220;custom&#8220; text_weight=&#8220;200&#8243; text_space=&#8220;fontspace-781688&#8243; css_animation=&#8220;text-reveal&#8220; text_reveal_target=&#8220;chars&#8220; text_reveal_opacity=&#8220;30&#8243; text_reveal_speed=&#8220;100&#8243; text_reveal_top=&#8220;80&#8243; uncode_shortcode_id=&#8220;805521&#8243; heading_custom_size=&#8220;clamp(24px,5vw,70px)&#8220;]<\/p>\n<p data-start=\"314\" data-end=\"636\">Wir legen grossen Wert auf nachhaltige Artikel und eine verantwortungsvolle Produktion. Bereits ab einem St\u00fcck k\u00f6nnen individuelle Designs umgesetzt werden. Klare Prozesse und zuverl\u00e4ssige Qualit\u00e4t im Hintergrund sorgen daf\u00fcr, dass aus einer Idee schnell ein fertiges Produkt entsteht \u2013 genau dann, wenn es gebraucht wird.<\/p>\n<p>[\/vc_custom_heading][\/vc_column][\/vc_row][vc_row unlock_row_content=&#8220;yes&#8220; row_height_percent=&#8220;0&#8243; override_padding=&#8220;yes&#8220; h_padding=&#8220;3&#8243; top_padding=&#8220;5&#8243; bottom_padding=&#8220;5&#8243; back_color=&#8220;color-xsdn&#8220; overlay_alpha=&#8220;50&#8243; gutter_size=&#8220;2&#8243; column_width_use_pixel=&#8220;yes&#8220; shift_y=&#8220;0&#8243; z_index=&#8220;0&#8243; uncode_shortcode_id=&#8220;170712&#8243; back_color_type=&#8220;uncode-palette&#8220; column_width_pixel=&#8220;1600&#8243;][vc_column column_width_percent=&#8220;100&#8243; align_horizontal=&#8220;align_center&#8220; gutter_size=&#8220;5&#8243; overlay_alpha=&#8220;50&#8243; shift_x=&#8220;0&#8243; shift_y=&#8220;0&#8243; shift_y_down=&#8220;0&#8243; z_index=&#8220;0&#8243; medium_width=&#8220;0&#8243; mobile_width=&#8220;0&#8243; css_animation=&#8220;alpha-anim&#8220; animation_speed=&#8220;1600&#8243; width=&#8220;1\/1&#8243; uncode_shortcode_id=&#8220;110406&#8243;][vc_row_inner row_inner_height_percent=&#8220;0&#8243; overlay_alpha=&#8220;50&#8243; gutter_size=&#8220;5&#8243; shift_y=&#8220;0&#8243; z_index=&#8220;0&#8243; limit_content=&#8220;&#8220; uncode_shortcode_id=&#8220;594214&#8243;][vc_column_inner column_width_percent=&#8220;100&#8243; position_vertical=&#8220;bottom&#8220; gutter_size=&#8220;3&#8243; overlay_alpha=&#8220;50&#8243; shift_x=&#8220;0&#8243; shift_y=&#8220;0&#8243; shift_y_down=&#8220;0&#8243; z_index=&#8220;0&#8243; medium_width=&#8220;4&#8243; mobile_width=&#8220;0&#8243; width=&#8220;1\/4&#8243; uncode_shortcode_id=&#8220;761701&#8243; el_class=&#8220;rotate-minus-beta&#8220;][uncode_index el_id=&#8220;index-581094100-544-709-453&#8243; index_type=&#8220;css_grid&#8220; loop=&#8220;size:1|order_by:ID|order:ASC|post_type:post|taxonomy_count:10&#8243; grid_items=&#8220;1&#8243; screen_lg_items=&#8220;1&#8243; screen_lg_breakpoint=&#8220;1000&#8243; screen_md_items=&#8220;2&#8243; screen_md_breakpoint=&#8220;600&#8243; screen_sm_items=&#8220;1&#8243; screen_sm_breakpoint=&#8220;480&#8243; gutter_size=&#8220;4&#8243; css_grid_v_align=&#8220;middle&#8220; post_items=&#8220;media|featured|onpost|poster,date,title,text|excerpt|140&#8243; portfolio_items=&#8220;media|featured|onpost|original,title|-,text|excerpt&#8220; css_grid_images_size=&#8220;five-four&#8220; single_overlay_opacity=&#8220;10&#8243; single_text_visible=&#8220;yes&#8220; single_text_anim=&#8220;no&#8220; single_image_anim=&#8220;no&#8220; single_padding=&#8220;1&#8243; single_title_dimension=&#8220;h3&#8243; single_title_weight=&#8220;800&#8243; single_meta_custom_typo=&#8220;yes&#8220; single_meta_size=&#8220;large&#8220; single_border=&#8220;yes&#8220; uncode_shortcode_id=&#8220;984573&#8243;][\/vc_column_inner][vc_column_inner column_width_percent=&#8220;100&#8243; position_vertical=&#8220;middle&#8220; gutter_size=&#8220;3&#8243; overlay_alpha=&#8220;50&#8243; shift_x=&#8220;0&#8243; shift_y=&#8220;0&#8243; shift_y_down=&#8220;0&#8243; z_index=&#8220;0&#8243; medium_width=&#8220;4&#8243; mobile_width=&#8220;0&#8243; width=&#8220;1\/4&#8243; uncode_shortcode_id=&#8220;436869&#8243; el_class=&#8220;rotate-plus-beta&#8220;][uncode_index el_id=&#8220;index-581094100-544-709-453&#8243; index_type=&#8220;css_grid&#8220; loop=&#8220;size:1|order_by:date|post_type:post|taxonomy_count:10&#8243; grid_items=&#8220;1&#8243; screen_lg_items=&#8220;1&#8243; screen_lg_breakpoint=&#8220;1000&#8243; screen_md_items=&#8220;1&#8243; screen_md_breakpoint=&#8220;600&#8243; screen_sm_items=&#8220;1&#8243; screen_sm_breakpoint=&#8220;480&#8243; gutter_size=&#8220;4&#8243; css_grid_v_align=&#8220;middle&#8220; post_items=&#8220;media|featured|onpost|poster,date,title,text|excerpt|140&#8243; css_grid_images_size=&#8220;three-two&#8220; single_overlay_opacity=&#8220;10&#8243; single_text_visible=&#8220;yes&#8220; single_text_anim=&#8220;no&#8220; single_image_anim=&#8220;no&#8220; single_padding=&#8220;1&#8243; single_title_dimension=&#8220;h3&#8243; single_title_weight=&#8220;800&#8243; single_meta_custom_typo=&#8220;yes&#8220; single_meta_size=&#8220;large&#8220; single_border=&#8220;yes&#8220; uncode_shortcode_id=&#8220;123141&#8243; offset=&#8220;1&#8243;][\/vc_column_inner][vc_column_inner column_width_percent=&#8220;100&#8243; position_vertical=&#8220;middle&#8220; gutter_size=&#8220;3&#8243; overlay_alpha=&#8220;50&#8243; shift_x=&#8220;0&#8243; shift_y=&#8220;0&#8243; shift_y_down=&#8220;0&#8243; z_index=&#8220;0&#8243; medium_width=&#8220;4&#8243; mobile_width=&#8220;0&#8243; width=&#8220;1\/4&#8243; uncode_shortcode_id=&#8220;854062&#8243; el_class=&#8220;rotate-minus-beta&#8220;][uncode_index el_id=&#8220;index-581094100-544-709-453&#8243; index_type=&#8220;css_grid&#8220; loop=&#8220;size:1|order_by:date|post_type:post|taxonomy_count:10&#8243; grid_items=&#8220;1&#8243; screen_lg_items=&#8220;1&#8243; screen_lg_breakpoint=&#8220;1000&#8243; screen_md_items=&#8220;1&#8243; screen_md_breakpoint=&#8220;600&#8243; screen_sm_items=&#8220;1&#8243; screen_sm_breakpoint=&#8220;480&#8243; gutter_size=&#8220;4&#8243; css_grid_v_align=&#8220;middle&#8220; post_items=&#8220;media|featured|onpost|poster,date,title,text|excerpt|140&#8243; css_grid_images_size=&#8220;five-four&#8220; single_overlay_opacity=&#8220;10&#8243; single_text_visible=&#8220;yes&#8220; single_text_anim=&#8220;no&#8220; single_image_anim=&#8220;no&#8220; single_padding=&#8220;1&#8243; single_title_dimension=&#8220;h3&#8243; single_title_weight=&#8220;800&#8243; single_meta_custom_typo=&#8220;yes&#8220; single_meta_size=&#8220;large&#8220; single_border=&#8220;yes&#8220; uncode_shortcode_id=&#8220;192213&#8243; offset=&#8220;2&#8243;][\/vc_column_inner][vc_column_inner column_width_percent=&#8220;100&#8243; gutter_size=&#8220;3&#8243; overlay_alpha=&#8220;50&#8243; shift_x=&#8220;0&#8243; shift_y=&#8220;0&#8243; shift_y_down=&#8220;0&#8243; z_index=&#8220;0&#8243; medium_width=&#8220;4&#8243; mobile_width=&#8220;0&#8243; width=&#8220;1\/4&#8243; uncode_shortcode_id=&#8220;254930&#8243; el_class=&#8220;rotate-plus-beta&#8220;][uncode_index el_id=&#8220;index-581094100-544-709-453&#8243; index_type=&#8220;css_grid&#8220; loop=&#8220;size:1|order_by:date|post_type:post|taxonomy_count:10&#8243; grid_items=&#8220;1&#8243; screen_lg_items=&#8220;1&#8243; screen_lg_breakpoint=&#8220;1000&#8243; screen_md_items=&#8220;1&#8243; screen_md_breakpoint=&#8220;600&#8243; screen_sm_items=&#8220;1&#8243; screen_sm_breakpoint=&#8220;480&#8243; gutter_size=&#8220;4&#8243; css_grid_v_align=&#8220;middle&#8220; post_items=&#8220;media|featured|onpost|poster,date,title,text|excerpt|140&#8243; css_grid_images_size=&#8220;four-three&#8220; single_overlay_opacity=&#8220;10&#8243; single_text_visible=&#8220;yes&#8220; single_text_anim=&#8220;no&#8220; single_image_anim=&#8220;no&#8220; single_padding=&#8220;1&#8243; single_title_dimension=&#8220;h3&#8243; single_title_weight=&#8220;800&#8243; single_meta_custom_typo=&#8220;yes&#8220; single_meta_size=&#8220;large&#8220; single_border=&#8220;yes&#8220; uncode_shortcode_id=&#8220;148388&#8243; offset=&#8220;3&#8243;][\/vc_column_inner][\/vc_row_inner][\/vc_column][\/vc_row]<\/p>\n<\/div>","protected":false},"excerpt":{"rendered":"<p>[vc_row row_height_percent=&#8220;30&#8243; override_padding=&#8220;yes&#8220; h_padding=&#8220;3&#8243; top_padding=&#8220;1&#8243; bottom_padding=&#8220;1&#8243; back_color=&#8220;color-xsdn&#8220; parallax=&#8220;yes&#8220; overlay_color=&#8220;color-xsdn&#8220; overlay_alpha=&#8220;90&#8243; gutter_size=&#8220;3&#8243; column_width_percent=&#8220;100&#8243; shift_y=&#8220;0&#8243; z_index=&#8220;0&#8243; bottom_divider=&#8220;tilt&#8220; content_parallax=&#8220;0&#8243; uncode_shortcode_id=&#8220;214456&#8243; back_color_type=&#8220;uncode-palette&#8220; overlay_color_type=&#8220;uncode-palette&#8220;][vc_column column_width_percent=&#8220;100&#8243; [&hellip;]<\/p>\n","protected":false},"author":1,"featured_media":0,"parent":0,"menu_order":0,"comment_status":"closed","ping_status":"closed","template":"","meta":{"footnotes":""},"class_list":["post-171772","page","type-page","status-publish","hentry"],"_links":{"self":[{"href":"https:\/\/kutaceqe.cyon.site\/index.php\/wp-json\/wp\/v2\/pages\/171772","targetHints":{"allow":["GET"]}}],"collection":[{"href":"https:\/\/kutaceqe.cyon.site\/index.php\/wp-json\/wp\/v2\/pages"}],"about":[{"href":"https:\/\/kutaceqe.cyon.site\/index.php\/wp-json\/wp\/v2\/types\/page"}],"author":[{"embeddable":true,"href":"https:\/\/kutaceqe.cyon.site\/index.php\/wp-json\/wp\/v2\/users\/1"}],"replies":[{"embeddable":true,"href":"https:\/\/kutaceqe.cyon.site\/index.php\/wp-json\/wp\/v2\/comments?post=171772"}],"version-history":[{"count":6,"href":"https:\/\/kutaceqe.cyon.site\/index.php\/wp-json\/wp\/v2\/pages\/171772\/revisions"}],"predecessor-version":[{"id":173135,"href":"https:\/\/kutaceqe.cyon.site\/index.php\/wp-json\/wp\/v2\/pages\/171772\/revisions\/173135"}],"wp:attachment":[{"href":"https:\/\/kutaceqe.cyon.site\/index.php\/wp-json\/wp\/v2\/media?parent=171772"}],"curies":[{"name":"wp","href":"https:\/\/api.w.org\/{rel}","templated":true}]}}