{"id":173081,"date":"2026-03-21T08:45:37","date_gmt":"2026-03-21T07:45:37","guid":{"rendered":"https:\/\/monkeyprint.ch\/?page_id=173081"},"modified":"2026-03-21T17:45:50","modified_gmt":"2026-03-21T16:45:50","slug":"patches","status":"publish","type":"page","link":"https:\/\/kutaceqe.cyon.site\/index.php\/patches\/","title":{"rendered":"Patches"},"content":{"rendered":"<div class=\"wpb-content-wrapper\"><p>[vc_row row_height_percent=&#8220;50&#8243; override_padding=&#8220;yes&#8220; h_padding=&#8220;3&#8243; top_padding=&#8220;1&#8243; bottom_padding=&#8220;1&#8243; back_color=&#8220;color-xsdn&#8220; parallax=&#8220;yes&#8220; overlay_color=&#8220;color-xsdn&#8220; overlay_alpha=&#8220;90&#8243; gutter_size=&#8220;3&#8243; column_width_percent=&#8220;100&#8243; shift_y=&#8220;0&#8243; z_index=&#8220;0&#8243; bottom_divider=&#8220;tilt&#8220; content_parallax=&#8220;0&#8243; uncode_shortcode_id=&#8220;877678&#8243; back_color_type=&#8220;uncode-palette&#8220; overlay_color_type=&#8220;uncode-palette&#8220;][vc_column column_width_percent=&#8220;100&#8243; position_vertical=&#8220;middle&#8220; align_horizontal=&#8220;align_center&#8220; gutter_size=&#8220;3&#8243; overlay_alpha=&#8220;50&#8243; shift_x=&#8220;0&#8243; shift_y=&#8220;0&#8243; shift_y_down=&#8220;0&#8243; z_index=&#8220;0&#8243; medium_width=&#8220;0&#8243; mobile_width=&#8220;0&#8243; width=&#8220;1\/1&#8243;][vc_empty_space custom=&#8220;yes&#8220; desktop_visibility=&#8220;yes&#8220; medium_visibility=&#8220;yes&#8220; custom_height=&#8220;30px&#8220;][vc_custom_heading text_color=&#8220;accent&#8220; heading_semantic=&#8220;h6&#8243; text_size=&#8220;fontsize-160000&#8243; text_transform=&#8220;uppercase&#8220; text_space=&#8220;fontspace-135905&#8243; uncode_shortcode_id=&#8220;469330&#8243; text_color_type=&#8220;uncode-palette&#8220;]Unsere Patches[\/vc_custom_heading][vc_custom_heading text_size=&#8220;fontsize-445851&#8243; uncode_shortcode_id=&#8220;597023&#8243;]Coole Patches in verschiedenen Formen \ud83d\udcaa[\/vc_custom_heading][vc_empty_space custom=&#8220;yes&#8220; desktop_visibility=&#8220;yes&#8220; medium_visibility=&#8220;yes&#8220; custom_height=&#8220;40px&#8220;][\/vc_column][\/vc_row][vc_row row_height_percent=&#8220;0&#8243; override_padding=&#8220;yes&#8220; h_padding=&#8220;2&#8243; top_padding=&#8220;3&#8243; bottom_padding=&#8220;3&#8243; back_color=&#8220;color-gyho&#8220; overlay_alpha=&#8220;100&#8243; gutter_size=&#8220;3&#8243; column_width_percent=&#8220;100&#8243; shift_y=&#8220;0&#8243; z_index=&#8220;0&#8243; bottom_divider=&#8220;tilt&#8220; content_parallax=&#8220;0&#8243; row_height_use_pixel=&#8220;&#8220; uncode_shortcode_id=&#8220;684899&#8243; back_color_type=&#8220;uncode-palette&#8220;][vc_column column_width_percent=&#8220;100&#8243; gutter_size=&#8220;3&#8243; overlay_alpha=&#8220;50&#8243; shift_x=&#8220;0&#8243; shift_y=&#8220;0&#8243; shift_y_down=&#8220;0&#8243; z_index=&#8220;0&#8243; medium_width=&#8220;0&#8243; mobile_width=&#8220;0&#8243; zoom_width=&#8220;0&#8243; zoom_height=&#8220;0&#8243; uncode_shortcode_id=&#8220;243269&#8243;][vc_custom_heading uncode_shortcode_id=&#8220;368419&#8243;]Erstelle deinen Patch[\/vc_custom_heading][vc_column_text text_lead=&#8220;yes&#8220; uncode_shortcode_id=&#8220;639577&#8243; css=&#8220;.vc_custom_1774080190712{padding-bottom: 10px !important;}&#8220;]Erstelle mit wenigen Klicks deinen Patch. Wir werden deine Druckdaten pr\u00fcfen und dir ein &#8222;Gut zum Druck&#8220; senden. Ja nachdem wie dein Datei \/ Grafik ist wird der Patch gestickt oder hochwertig gedruckt. Der Patch kann aufgeb\u00fcgelt werden. Wir empfehlen jedoch ihn nachtr\u00e4glich noch anzun\u00e4hen.<\/p>\n<p>Hier noch der ganze Text.[\/vc_column_text][vc_custom_heading uncode_shortcode_id=&#8220;846353&#8243;]Wie funktioniert es?[\/vc_custom_heading][vc_column_text text_lead=&#8220;yes&#8220; uncode_shortcode_id=&#8220;102324&#8243; css=&#8220;.vc_custom_1774079480744{padding-bottom: 10px !important;}&#8220;]W\u00e4hle deine Form&#8230;<br \/>\nGanzer Text hier![\/vc_column_text][vc_custom_heading uncode_shortcode_id=&#8220;881297&#8243;]Verfahren \/ Herstellung[\/vc_custom_heading][vc_column_text text_lead=&#8220;yes&#8220; uncode_shortcode_id=&#8220;107407&#8243; css=&#8220;.vc_custom_1774079517997{padding-bottom: 10px !important;}&#8220;]Hier Beschreibung was f\u00fcr M\u00f6glichkeiten es gibt f\u00fcr den Patch usw.[\/vc_column_text][\/vc_column][\/vc_row][vc_row row_height_percent=&#8220;0&#8243; override_padding=&#8220;yes&#8220; h_padding=&#8220;2&#8243; top_padding=&#8220;3&#8243; bottom_padding=&#8220;3&#8243; overlay_alpha=&#8220;50&#8243; gutter_size=&#8220;3&#8243; column_width_percent=&#8220;100&#8243; shift_y=&#8220;0&#8243; z_index=&#8220;0&#8243; top_divider=&#8220;step&#8220; content_parallax=&#8220;0&#8243; uncode_shortcode_id=&#8220;252691&#8243;][vc_column column_width_percent=&#8220;100&#8243; gutter_size=&#8220;3&#8243; overlay_alpha=&#8220;100&#8243; shift_x=&#8220;0&#8243; shift_y=&#8220;0&#8243; shift_y_down=&#8220;0&#8243; z_index=&#8220;0&#8243; medium_width=&#8220;0&#8243; mobile_width=&#8220;0&#8243; zoom_width=&#8220;0&#8243; zoom_height=&#8220;0&#8243; width=&#8220;1\/1&#8243; mobile_width_full=&#8220;&#8220; uncode_shortcode_id=&#8220;694451&#8243;][vc_custom_heading uncode_shortcode_id=&#8220;187451&#8243;]W\u00e4hle dein Patch[\/vc_custom_heading][uncode_index el_id=&#8220;index-15687&#8243; isotope_mode=&#8220;fitRows&#8220; loop=&#8220;size:4|order_by:ID|order:DESC|post_type:product|by_id:160345,159962,159716,173089|taxonomy_count:10&#8243; screen_lg=&#8220;1000&#8243; screen_md=&#8220;900&#8243; screen_sm=&#8220;100&#8243; gutter_size=&#8220;2&#8243; post_items=&#8220;title,media,text,link,author,date,category,extra&#8220; page_items=&#8220;title,media,text,category&#8220; product_items=&#8220;title|-,media|featured|onpost|original|show-sale|enhanced-atc|inherit-w-atc|atc-typo-default|hide-atc,price|inline_responsive|-,variations|under|pa_color|4|default|original_title|size_small|mobile,stock|all&#8220; portfolio_items=&#8220;title,media,text,category&#8220; single_width=&#8220;3&#8243; images_size=&#8220;three-four&#8220; single_shape=&#8220;round&#8220; radius=&#8220;xs&#8220; single_overlay_opacity=&#8220;20&#8243; single_overlay_anim=&#8220;no&#8220; single_image_anim=&#8220;no&#8220; single_secondary=&#8220;yes&#8220; single_h_align=&#8220;center&#8220; single_padding=&#8220;1&#8243; single_title_dimension=&#8220;h6&#8243; single_border=&#8220;yes&#8220; custom_order=&#8220;yes&#8220; no_double_tap=&#8220;yes&#8220; hide_secondary_mobile=&#8220;yes&#8220; carousel_rtl=&#8220;&#8220; single_title_uppercase=&#8220;&#8220; single_block_click=&#8220;&#8220; single_text_hover=&#8220;&#8220; single_no_background=&#8220;&#8220; single_title_serif=&#8220;&#8220; single_title_divider=&#8220;&#8220; uncode_shortcode_id=&#8220;140558&#8243;][\/vc_column][\/vc_row]<\/p>\n<\/div>","protected":false},"excerpt":{"rendered":"<p>[vc_row row_height_percent=&#8220;50&#8243; override_padding=&#8220;yes&#8220; h_padding=&#8220;3&#8243; top_padding=&#8220;1&#8243; bottom_padding=&#8220;1&#8243; back_color=&#8220;color-xsdn&#8220; parallax=&#8220;yes&#8220; overlay_color=&#8220;color-xsdn&#8220; overlay_alpha=&#8220;90&#8243; gutter_size=&#8220;3&#8243; column_width_percent=&#8220;100&#8243; shift_y=&#8220;0&#8243; z_index=&#8220;0&#8243; bottom_divider=&#8220;tilt&#8220; content_parallax=&#8220;0&#8243; uncode_shortcode_id=&#8220;877678&#8243; back_color_type=&#8220;uncode-palette&#8220; overlay_color_type=&#8220;uncode-palette&#8220;][vc_column column_width_percent=&#8220;100&#8243; [&hellip;]<\/p>\n","protected":false},"author":1,"featured_media":0,"parent":0,"menu_order":0,"comment_status":"closed","ping_status":"closed","template":"","meta":{"footnotes":""},"class_list":["post-173081","page","type-page","status-publish","hentry"],"_links":{"self":[{"href":"https:\/\/kutaceqe.cyon.site\/index.php\/wp-json\/wp\/v2\/pages\/173081","targetHints":{"allow":["GET"]}}],"collection":[{"href":"https:\/\/kutaceqe.cyon.site\/index.php\/wp-json\/wp\/v2\/pages"}],"about":[{"href":"https:\/\/kutaceqe.cyon.site\/index.php\/wp-json\/wp\/v2\/types\/page"}],"author":[{"embeddable":true,"href":"https:\/\/kutaceqe.cyon.site\/index.php\/wp-json\/wp\/v2\/users\/1"}],"replies":[{"embeddable":true,"href":"https:\/\/kutaceqe.cyon.site\/index.php\/wp-json\/wp\/v2\/comments?post=173081"}],"version-history":[{"count":8,"href":"https:\/\/kutaceqe.cyon.site\/index.php\/wp-json\/wp\/v2\/pages\/173081\/revisions"}],"predecessor-version":[{"id":173118,"href":"https:\/\/kutaceqe.cyon.site\/index.php\/wp-json\/wp\/v2\/pages\/173081\/revisions\/173118"}],"wp:attachment":[{"href":"https:\/\/kutaceqe.cyon.site\/index.php\/wp-json\/wp\/v2\/media?parent=173081"}],"curies":[{"name":"wp","href":"https:\/\/api.w.org\/{rel}","templated":true}]}}