{"id":161174,"date":"2026-01-13T15:28:40","date_gmt":"2026-01-13T14:28:40","guid":{"rendered":"https:\/\/monkeyprint.ch\/?post_type=product&#038;p=161174"},"modified":"2026-04-21T21:02:46","modified_gmt":"2026-04-21T19:02:46","slug":"prepster-2-0-poloshirt","status":"publish","type":"product","link":"https:\/\/kutaceqe.cyon.site\/index.php\/produkt\/prepster-2-0-poloshirt\/","title":{"rendered":"Prepster 2.0 &#8211; Poloshirt"},"content":{"rendered":"<div class=\"wpb-content-wrapper\"><p>[vc_row row_height_percent=&#8220;0&#8243; override_padding=&#8220;yes&#8220; h_padding=&#8220;2&#8243; top_padding=&#8220;1&#8243; bottom_padding=&#8220;2&#8243; overlay_alpha=&#8220;50&#8243; gutter_size=&#8220;3&#8243; column_width_percent=&#8220;100&#8243; shift_y=&#8220;0&#8243; z_index=&#8220;0&#8243; content_parallax=&#8220;0&#8243; uncode_shortcode_id=&#8220;206403&#8243; css=&#8220;.vc_custom_1773334231962{margin-top: 25px !important;}&#8220;][vc_column width=&#8220;1\/1&#8243;][vc_accordion typography=&#8220;advanced&#8220; sign=&#8220;plus&#8220; gutter_simple=&#8220;0&#8243; titles_size=&#8220;custom&#8220; titles_weight=&#8220;700&#8243; uncode_shortcode_id=&#8220;555136&#8243; active_tab=&#8220;0&#8243; heading_custom_size=&#8220;15&#8243;][vc_accordion_tab gutter_size=&#8220;2&#8243; column_padding=&#8220;2&#8243; title=&#8220;Beschreibung&#8220; tab_id=&#8220;1772460876-1-40&#8243;][vc_column_text uncode_shortcode_id=&#8220;147436&#8243;]Der Prepster 2.0 ist unser Premium-Polo. Mit seinem klassischen Look und modernen Medium Fit, ist dieses 240 g\/m\u00b2 Poloshirt einer unserer Bestseller.<\/p>\n<ul class=\"icons\" style=\"padding-left: 0px;\">\n<li><i class=\"fa fa-circle-check\"><\/i>100% Bio-Baumwolle<\/li>\n<li><i class=\"fa fa-circle-check\"><\/i>Veredelung und Versand aus der Schweiz<\/li>\n<li><i class=\"fa fa-circle-check\"><\/i>Unisex f\u00fcr Frau und Mann<\/li>\n<li><i class=\"fa fa-circle-check\"><\/i>Stoffgewicht: 240 g\/m\u00b2<\/li>\n<li><i class=\"fa fa-circle-check\"><\/i>Nachhaltig unter fairen Konditionen produziert<\/li>\n<li><i class=\"fa fa-circle-check\"><\/i>Maschinenwaschbar bei 30\u00b0 C<i class=\"fa fa-circle-check\"><\/i><\/li>\n<\/ul>\n<p>[\/vc_column_text][\/vc_accordion_tab][vc_accordion_tab gutter_size=&#8220;2&#8243; column_padding=&#8220;2&#8243; title=&#8220;Versandinfo&#8220; tab_id=&#8220;1772460876-2-57&#8243;][vc_column_text uncode_shortcode_id=&#8220;146117&#8243;]Wir liefern deine Bestellung zuverl\u00e4ssig und so schnell wie m\u00f6glich. Sofort verf\u00fcgbare Expressartikel versenden wir innerhalb von 3\u20134 Werktagen. Alle weiteren Artikel liefern wir innerhalb von 3\u20134 Wochen.<\/p>\n<p><strong>Lieferzeiten:<\/strong><\/p>\n<p>Express-Artikel:<br \/>\nSchweiz: 3\u20134 Werktage<br \/>\nDeutschland: 3\u20134 Werktage<br \/>\n\u00d6sterreich: 3\u20134 Werktage<\/p>\n<p>Normale-Artikel:<br \/>\nSchweiz: 3\u20134 Wochen<br \/>\nDeutschland: 3\u20134 Wochen<br \/>\n\u00d6sterreich: 3\u20134 Wochen[\/vc_column_text][\/vc_accordion_tab][vc_accordion_tab gutter_size=&#8220;2&#8243; column_padding=&#8220;2&#8243; title=&#8220;Gr\u00f6ssenangaben&#8220; tab_id=&#8220;1772460876-2-570&#8243;][vc_column_text uncode_shortcode_id=&#8220;165523&#8243;]Die Gr\u00f6ssenangaben findest du in der\u00a0<a href=\"\/wp-content\/uploads\/2026\/04\/groessentabelle_prepster.pdf\" target=\"_blank\" rel=\"noopener noreferrer\">Gr\u00f6ssentabelle<\/a>\u00a0<img decoding=\"async\" class=\"emoji\" role=\"img\" draggable=\"false\" src=\"https:\/\/s.w.org\/images\/core\/emoji\/17.0.2\/svg\/1f4cf.svg\" alt=\"\ud83d\udccf\" \/>.[\/vc_column_text][\/vc_accordion_tab][\/vc_accordion][\/vc_column][\/vc_row]<\/p>\n<\/div>","protected":false},"excerpt":{"rendered":"[wpcode id=\"171766\"]\n<p>Beachte weitere spannende <a href=\"#tab-0483\">Mengenrabatte<\/a>!<\/p>\n","protected":false},"featured_media":172134,"comment_status":"open","ping_status":"closed","template":"","meta":[],"product_brand":[],"product_cat":[166,60],"product_tag":[],"class_list":{"0":"post-161174","1":"product","2":"type-product","3":"status-publish","4":"has-post-thumbnail","6":"product_cat-drucken","7":"product_cat-polos","9":"first","10":"instock","11":"featured","12":"shipping-taxable","13":"purchasable","14":"product-type-variable","15":"has-default-attributes","16":"woocommerce-product-gallery--with-variation-gallery product-gallery-placeholder"},"_links":{"self":[{"href":"https:\/\/kutaceqe.cyon.site\/index.php\/wp-json\/wp\/v2\/product\/161174","targetHints":{"allow":["GET"]}}],"collection":[{"href":"https:\/\/kutaceqe.cyon.site\/index.php\/wp-json\/wp\/v2\/product"}],"about":[{"href":"https:\/\/kutaceqe.cyon.site\/index.php\/wp-json\/wp\/v2\/types\/product"}],"replies":[{"embeddable":true,"href":"https:\/\/kutaceqe.cyon.site\/index.php\/wp-json\/wp\/v2\/comments?post=161174"}],"wp:featuredmedia":[{"embeddable":true,"href":"https:\/\/kutaceqe.cyon.site\/index.php\/wp-json\/wp\/v2\/media\/172134"}],"wp:attachment":[{"href":"https:\/\/kutaceqe.cyon.site\/index.php\/wp-json\/wp\/v2\/media?parent=161174"}],"wp:term":[{"taxonomy":"product_brand","embeddable":true,"href":"https:\/\/kutaceqe.cyon.site\/index.php\/wp-json\/wp\/v2\/product_brand?post=161174"},{"taxonomy":"product_cat","embeddable":true,"href":"https:\/\/kutaceqe.cyon.site\/index.php\/wp-json\/wp\/v2\/product_cat?post=161174"},{"taxonomy":"product_tag","embeddable":true,"href":"https:\/\/kutaceqe.cyon.site\/index.php\/wp-json\/wp\/v2\/product_tag?post=161174"}],"curies":[{"name":"wp","href":"https:\/\/api.w.org\/{rel}","templated":true}]}}